{"id":896,"date":"2021-05-16T18:03:15","date_gmt":"2021-05-16T16:03:15","guid":{"rendered":"https:\/\/www.wellensittich.net\/blog\/?page_id=896"},"modified":"2021-05-24T12:28:13","modified_gmt":"2021-05-24T10:28:13","slug":"frischkost","status":"publish","type":"page","link":"https:\/\/www.wellensittich.net\/blog\/frischkost\/","title":{"rendered":"Frischkost f\u00fcr Wellensittiche"},"content":{"rendered":"\t\t<div data-elementor-type=\"wp-page\" data-elementor-id=\"896\" class=\"elementor elementor-896\" data-elementor-settings=\"[]\">\n\t\t\t\t\t\t\t<div class=\"elementor-section-wrap\">\n\t\t\t\t\t\t\t<section class=\"elementor-section elementor-top-section elementor-element elementor-element-49928b7 elementor-section-full_width elementor-section-height-min-height elementor-section-items-top elementor-section-height-default\" data-id=\"49928b7\" data-element_type=\"section\" data-settings=\"{&quot;background_background&quot;:&quot;classic&quot;}\">\n\t\t\t\t\t\t<div class=\"elementor-container elementor-column-gap-default\">\n\t\t\t\t\t<div class=\"elementor-column elementor-col-100 elementor-top-column elementor-element elementor-element-6b7c91c7\" data-id=\"6b7c91c7\" data-element_type=\"column\">\n\t\t\t<div class=\"elementor-widget-wrap\">\n\t\t\t\t\t\t\t\t\t<\/div>\n\t\t<\/div>\n\t\t\t\t\t\t\t<\/div>\n\t\t<\/section>\n\t\t\t\t<section class=\"elementor-section elementor-top-section elementor-element elementor-element-739f5626 elementor-section-boxed elementor-section-height-default elementor-section-height-default\" data-id=\"739f5626\" data-element_type=\"section\">\n\t\t\t\t\t\t<div class=\"elementor-container elementor-column-gap-default\">\n\t\t\t\t\t<div class=\"elementor-column elementor-col-100 elementor-top-column elementor-element elementor-element-32b437d0\" data-id=\"32b437d0\" data-element_type=\"column\">\n\t\t\t<div class=\"elementor-widget-wrap elementor-element-populated\">\n\t\t\t\t\t\t\t\t<div class=\"elementor-element elementor-element-61476a3b elementor-widget elementor-widget-text-editor\" data-id=\"61476a3b\" data-element_type=\"widget\" data-widget_type=\"text-editor.default\">\n\t\t\t\t<div class=\"elementor-widget-container\">\n\t\t\t\t\t\t\t\t<p><span class=\"oceanwp-breadcrumb\"><nav aria-label=\"Breadcrumbs\" class=\"site-breadcrumbs clr position-under-title\" itemprop=\"breadcrumb\"><ol class=\"trail-items\" itemscope itemtype=\"http:\/\/schema.org\/BreadcrumbList\"><meta name=\"numberOfItems\" content=\"1\" \/><meta name=\"itemListOrder\" content=\"Ascending\" \/><li class=\"trail-item trail-end\" itemprop=\"itemListElement\" itemscope itemtype=\"https:\/\/schema.org\/ListItem\"><a href=\"https:\/\/www.wellensittich.net\/blog\" rel=\"home\" aria-label=\"Home (Start)\" itemtype=\"https:\/\/schema.org\/Thing\" itemprop=\"item\"><span itemprop=\"name\"><span class=\"icon-home\" aria-hidden=\"true\"><\/span><span class=\"breadcrumb-home has-icon\">Home (Start)<\/span><\/span><\/a><meta content=\"1\" itemprop=\"position\" \/><\/li><\/ol><\/nav><\/span><\/p>\t\t\t\t\t\t<\/div>\n\t\t\t\t<\/div>\n\t\t\t\t\t<\/div>\n\t\t<\/div>\n\t\t\t\t\t\t\t<\/div>\n\t\t<\/section>\n\t\t\t\t<section class=\"elementor-section elementor-top-section elementor-element elementor-element-3313c47 elementor-section-boxed elementor-section-height-default elementor-section-height-default\" data-id=\"3313c47\" data-element_type=\"section\">\n\t\t\t\t\t\t<div class=\"elementor-container elementor-column-gap-default\">\n\t\t\t\t\t<div class=\"elementor-column elementor-col-100 elementor-top-column elementor-element elementor-element-2fd576c\" data-id=\"2fd576c\" data-element_type=\"column\">\n\t\t\t<div class=\"elementor-widget-wrap elementor-element-populated\">\n\t\t\t\t\t\t\t\t<div class=\"elementor-element elementor-element-7739ead elementor-invisible elementor-widget elementor-widget-heading\" data-id=\"7739ead\" data-element_type=\"widget\" data-settings=\"{&quot;_animation&quot;:&quot;fadeInDown&quot;}\" data-widget_type=\"heading.default\">\n\t\t\t\t<div class=\"elementor-widget-container\">\n\t\t\t<h1 class=\"elementor-heading-title elementor-size-default\">Obst und Gr\u00fcnfutter f\u00fcr Wellensittiche<\/h1>\t\t<\/div>\n\t\t\t\t<\/div>\n\t\t\t\t\t<\/div>\n\t\t<\/div>\n\t\t\t\t\t\t\t<\/div>\n\t\t<\/section>\n\t\t\t\t<section class=\"elementor-section elementor-top-section elementor-element elementor-element-3f39bac elementor-section-boxed elementor-section-height-default elementor-section-height-default\" data-id=\"3f39bac\" data-element_type=\"section\">\n\t\t\t\t\t\t<div class=\"elementor-container elementor-column-gap-default\">\n\t\t\t\t\t<div class=\"elementor-column elementor-col-100 elementor-top-column elementor-element elementor-element-45a15a1\" data-id=\"45a15a1\" data-element_type=\"column\">\n\t\t\t<div class=\"elementor-widget-wrap elementor-element-populated\">\n\t\t\t\t\t\t\t\t<div class=\"elementor-element elementor-element-781a300 elementor-widget elementor-widget-text-editor\" data-id=\"781a300\" data-element_type=\"widget\" data-widget_type=\"text-editor.default\">\n\t\t\t\t<div class=\"elementor-widget-container\">\n\t\t\t\t\t\t\t\t<h2>Grunds\u00e4tzliche Informationen zum Thema Frischkost<\/h2><p>Das ist ebenfalls ein wichtiger Punkt, da es die Ern\u00e4hrung abrundet. In den Hirsesorten, also dem Wellensittich-Grundfutter sind haupts\u00e4chlich verschiedene B-Vitamine, Vitamin E,\u00a0 sowie diverse Mineralstoffe und Spurenelemente, au\u00dferdem Kohlenhydrate, Eiwei\u00df und wenig Fett.<\/p><p>Damit aber bestimmte Mineralstoffe oder Spurenelemente besser aufgenommen und verwertet werden k\u00f6nnen, sind wiederum andere Vitamine, Mineralstoffe und Spurenelemente wichtig, die in unterschiedlicher Konzentration in Obst und Gr\u00fcnfutter enthalten sind. Zum Beispiel wird auch Vitamin C und Vitamin D ben\u00f6tigt, welches nat\u00fcrlicherweise in\u00a0<a href=\"https:\/\/www.sittiche.de\/ernaehrung5.htm\" target=\"_blank\" rel=\"noopener\">Obst und Gr\u00fcnfutter<\/a>\u00a0enthalten ist.<\/p><p>Als Beispiel die Schlangengurke, sie liefert das wichtige Vitamin K , welches f\u00fcr die Blutgerinnung wichtig ist (aber auch anderes Gr\u00fcnfutter ist Vitamin-K-haltig), das Vitamin C, welches hilft, Eisen besser zu verwerten und viel Kalium f\u00fcr den Herzmuskel und die Muskelarbeit.<\/p><h3>An Salat und Gem\u00fcse gew\u00f6hnen<\/h3><p>Viele Wellensittiche sind Obst, Gem\u00fcse und anderes Gr\u00fcnfutter nicht gewohnt, weil sie es vom Z\u00fcchter her nicht kennen. Das hei\u00dft, man muss sie langsam daran f\u00fchren und sie daf\u00fcr begeistern. Anfangs kann es dann schon mal zu Durchfall kommen, dann reduziert man die Menge am besten etwas. Sobald sich der Organismus an Obst und Gr\u00fcnfutter gew\u00f6hnt hat, h\u00e4lt sich auch der Durchfall in Grenzen oder bleibt sogar aus.<\/p><p>Sollten sich die Wellis da nicht so recht herantrauen, kann man mit einem Trick arbeiten: Man paniert das Frischfutter mit ein paar K\u00f6rner, so lockt man sie wenigstens schon mal an. Bei manch einem Wellensittich braucht man allerdings viel Geduld.<\/p><h3>Richtige Handhabung &#8211; nur kurzzeitig anbieten<\/h3><p>Frisches Obst und diverse Gem\u00fcsesorten sollten nicht l\u00e4nger als einige Stunden im K\u00e4fig verbleiben, besonders im Sommer, denn es verdirbt rasch und f\u00e4ngt an zu g\u00e4ren, was einen idealen Boden f\u00fcr krankmachende Bakterien bildet. Bei Gr\u00fcnfutter w\u00e4re das nicht so tragisch, allerdings wird es irgendwann auch welk, und wird deshalb nicht mehr anger\u00fchrt, hinzu kommt, dass es wichtige N\u00e4hrstoffe verliert.<\/p><h3>Am besten Bio und ungespritzt!<\/h3><p>Blattsalate sind h\u00e4ufig schadstoffbelastet und man sollte davon besser absehen, da man Salate nicht &#8222;absch\u00e4len&#8220; kann wie andere Gem\u00fcsesorten. Fast sicher vor einer Schadstoffbelastung kann man nur sein, wenn man Salate und Gem\u00fcse selber im eigenen Garten zieht. Aber gr\u00fcndliches Putzen, Waschen und eventuell auch Sch\u00e4len von Gem\u00fcse und Obst ist stets Pflicht.<\/p>\t\t\t\t\t\t<\/div>\n\t\t\t\t<\/div>\n\t\t\t\t\t<\/div>\n\t\t<\/div>\n\t\t\t\t\t\t\t<\/div>\n\t\t<\/section>\n\t\t\t\t<section class=\"elementor-section elementor-top-section elementor-element elementor-element-7f562e2b elementor-section-boxed elementor-section-height-default elementor-section-height-default\" data-id=\"7f562e2b\" data-element_type=\"section\">\n\t\t\t\t\t\t<div class=\"elementor-container elementor-column-gap-default\">\n\t\t\t\t\t<div class=\"elementor-column elementor-col-100 elementor-top-column elementor-element elementor-element-433f36ae\" data-id=\"433f36ae\" data-element_type=\"column\">\n\t\t\t<div class=\"elementor-widget-wrap elementor-element-populated\">\n\t\t\t\t\t\t\t\t<div class=\"elementor-element elementor-element-649a713d elementor-widget elementor-widget-wp-widget-ocean_social_share\" data-id=\"649a713d\" data-element_type=\"widget\" data-widget_type=\"wp-widget-ocean_social_share.default\">\n\t\t\t\t<div class=\"elementor-widget-container\">\n\t\t\t<h5>Teilst du gerne?<\/h5>\t\t\t\t<ul class=\"owp-social-share style-minimal name-hidden\">\n\t\t\t\t\t<li class=\"twitter\"><a href=\"https:\/\/twitter.com\/share?text=Frischkost f\u00fcr Wellensittiche&amp;url=https%3A%2F%2Fwww.wellensittich.net%2Fblog%2Ffrischkost%2F\" title=\"Share on Twitter\"  onclick=\"owpShareOnClick( this.href );return false;\"><span class=\"owp-icon-wrap\"><svg class=\"owpss-icon\" aria-labelledby=\"owpss-twitter-icon\" role=\"img\" viewBox=\"0 0 24 24\" xmlns=\"http:\/\/www.w3.org\/2000\/svg\">\n\t\t\t\t\t\t\t\t<path d=\"M23.954 4.569c-.885.389-1.83.654-2.825.775 1.014-.611 1.794-1.574 2.163-2.723-.951.555-2.005.959-3.127 1.184-.896-.959-2.173-1.559-3.591-1.559-2.717 0-4.92 2.203-4.92 4.917 0 .39.045.765.127 1.124C7.691 8.094 4.066 6.13 1.64 3.161c-.427.722-.666 1.561-.666 2.475 0 1.71.87 3.213 2.188 4.096-.807-.026-1.566-.248-2.228-.616v.061c0 2.385 1.693 4.374 3.946 4.827-.413.111-.849.171-1.296.171-.314 0-.615-.03-.916-.086.631 1.953 2.445 3.377 4.604 3.417-1.68 1.319-3.809 2.105-6.102 2.105-.39 0-.779-.023-1.17-.067 2.189 1.394 4.768 2.209 7.557 2.209 9.054 0 13.999-7.496 13.999-13.986 0-.209 0-.42-.015-.63.961-.689 1.8-1.56 2.46-2.548l-.047-.02z\"\/>\n\t\t\t\t\t\t\t<\/svg><\/span><\/a><\/li><li class=\"facebook\"><a href=\"https:\/\/www.facebook.com\/sharer.php?u=https%3A%2F%2Fwww.wellensittich.net%2Fblog%2Ffrischkost%2F\" title=\"Share on Facebook\"  onclick=\"owpShareOnClick( this.href );return false;\"><span class=\"owp-icon-wrap\"><svg class=\"owpss-icon\" aria-labelledby=\"owpss-facebook-icon\" role=\"img\" viewBox=\"0 0 24 24\" xmlns=\"http:\/\/www.w3.org\/2000\/svg\">\n\t\t\t\t\t\t\t\t<path d=\"M5.677,12.998V8.123h3.575V6.224C9.252,2.949,11.712,0,14.736,0h3.94v4.874h-3.94\n\t\t\t\t\t\t\t\tc-0.432,0-0.934,0.524-0.934,1.308v1.942h4.874v4.874h-4.874V24H9.252V12.998H5.677z\"\/>\n\t\t\t\t\t\t\t<\/svg><\/span><\/a><\/li><li class=\"pinterest\"><a href=\"https:\/\/www.pinterest.com\/pin\/create\/button\/?url=https%3A%2F%2Fwww.wellensittich.net%2Fblog%2Ffrischkost%2F&amp;media=&amp;description=Obst+und+Gr%C3%BCnfutter+f%C3%BCr+Wellensittiche+Grunds%C3%A4tzliche+Informationen+zum+Thema+FrischkostDas+ist+ebenfalls+ein+wichtiger+Punkt%2C+da+es+die+Ern%C3%A4hrung+abrundet.+In+den+Hirsesorten%2C+also+dem+Wellensittich-Grundfutter+sind+haupts%C3%A4chlich+verschiedene+B-Vitamine%2C+Vitamin+E%2C%C2%A0+sowie+diverse+Mineralstoffe+und+Spurenelemente%2C+au%C3%9Ferdem+Kohlenhydrate%2C+Eiwei%C3%9F%26hellip%3B\" title=\"Share on Pinterest\"  onclick=\"owpShareOnClick( this.href );return false;\"><span class=\"owp-icon-wrap\"><svg class=\"owpss-icon\" aria-labelledby=\"owpss-pinterest-icon\" role=\"img\" viewBox=\"0 0 24 24\" xmlns=\"http:\/\/www.w3.org\/2000\/svg\">\n\t\t\t\t\t\t\t\t<path d=\"M13.757,17.343c-1.487,0-2.886-0.804-3.365-1.717c0,0-0.8,3.173-0.969,3.785\n\t\t\t\t\t\t\t\tc-0.596,2.165-2.35,4.331-2.487,4.508c-0.095,0.124-0.305,0.085-0.327-0.078c-0.038-0.276-0.485-3.007,0.041-5.235\n\t\t\t\t\t\t\t\tc0.264-1.118,1.772-7.505,1.772-7.505s-0.44-0.879-0.44-2.179c0-2.041,1.183-3.565,2.657-3.565c1.252,0,1.857,0.94,1.857,2.068\n\t\t\t\t\t\t\t\tc0,1.26-0.802,3.142-1.216,4.888c-0.345,1.461,0.734,2.653,2.174,2.653c2.609,0,4.367-3.352,4.367-7.323\n\t\t\t\t\t\t\t\tc0-3.018-2.032-5.278-5.731-5.278c-4.177,0-6.782,3.116-6.782,6.597c0,1.2,0.355,2.047,0.909,2.701\n\t\t\t\t\t\t\t\tc0.255,0.301,0.29,0.422,0.198,0.767c-0.067,0.254-0.218,0.864-0.281,1.106c-0.092,0.349-0.375,0.474-0.69,0.345\n\t\t\t\t\t\t\t\tc-1.923-0.785-2.82-2.893-2.82-5.262c0-3.912,3.3-8.604,9.844-8.604c5.259,0,8.72,3.805,8.72,7.89\n\t\t\t\t\t\t\t\tC21.188,13.307,18.185,17.343,13.757,17.343z\"\/>\n\t\t\t\t\t\t\t<\/svg><\/span><\/a><\/li>\t\t\t\t<\/ul>\n\n\t\t\t\t\n\t\t\n\t\t\t\t\t<\/div>\n\t\t\t\t<\/div>\n\t\t\t\t\t<\/div>\n\t\t<\/div>\n\t\t\t\t\t\t\t<\/div>\n\t\t<\/section>\n\t\t\t\t<section class=\"elementor-section elementor-top-section elementor-element elementor-element-6ce941ee elementor-section-boxed elementor-section-height-default elementor-section-height-default\" data-id=\"6ce941ee\" data-element_type=\"section\" data-settings=\"{&quot;background_background&quot;:&quot;classic&quot;}\">\n\t\t\t\t\t\t<div class=\"elementor-container elementor-column-gap-default\">\n\t\t\t\t\t<div class=\"elementor-column elementor-col-25 elementor-top-column elementor-element elementor-element-b00e366\" data-id=\"b00e366\" data-element_type=\"column\">\n\t\t\t<div class=\"elementor-widget-wrap elementor-element-populated\">\n\t\t\t\t\t\t\t\t<div class=\"elementor-element elementor-element-2a9f9015 elementor-widget elementor-widget-heading\" data-id=\"2a9f9015\" data-element_type=\"widget\" data-widget_type=\"heading.default\">\n\t\t\t\t<div class=\"elementor-widget-container\">\n\t\t\t<h4 class=\"elementor-heading-title elementor-size-default\">Disclaimer<\/h4>\t\t<\/div>\n\t\t\t\t<\/div>\n\t\t\t\t<div class=\"elementor-element elementor-element-465094c8 elementor-widget elementor-widget-text-editor\" data-id=\"465094c8\" data-element_type=\"widget\" data-widget_type=\"text-editor.default\">\n\t\t\t\t<div class=\"elementor-widget-container\">\n\t\t\t\t\t\t\t\t<p>Kopieren und Publizieren des Textmaterials &#8211; auch auszugsweise ist auf fremden Seiten nicht erlaubt, es bedarf einer expliziten Genehmigung\u00a0 und ist selbst dann mit Setzung eines Backlinks verbunden.<\/p>\t\t\t\t\t\t<\/div>\n\t\t\t\t<\/div>\n\t\t\t\t\t<\/div>\n\t\t<\/div>\n\t\t\t\t<div class=\"elementor-column elementor-col-25 elementor-top-column elementor-element elementor-element-371c6054\" data-id=\"371c6054\" data-element_type=\"column\">\n\t\t\t<div class=\"elementor-widget-wrap elementor-element-populated\">\n\t\t\t\t\t\t\t\t<div class=\"elementor-element elementor-element-63ac68c2 elementor-widget elementor-widget-heading\" data-id=\"63ac68c2\" data-element_type=\"widget\" data-widget_type=\"heading.default\">\n\t\t\t\t<div class=\"elementor-widget-container\">\n\t\t\t<h4 class=\"elementor-heading-title elementor-size-default\">Seiten<\/h4>\t\t<\/div>\n\t\t\t\t<\/div>\n\t\t\t\t<div class=\"elementor-element elementor-element-1d12079e elementor-icon-list--layout-traditional elementor-list-item-link-full_width elementor-widget elementor-widget-icon-list\" data-id=\"1d12079e\" data-element_type=\"widget\" data-widget_type=\"icon-list.default\">\n\t\t\t\t<div class=\"elementor-widget-container\">\n\t\t\t\t\t<ul class=\"elementor-icon-list-items\">\n\t\t\t\t\t\t\t<li class=\"elementor-icon-list-item\">\n\t\t\t\t\t<a href=\"https:\/\/www.wellensittich.net\/blog\/inhalt\/\">\t\t\t\t\t\t<span class=\"elementor-icon-list-icon\">\n\t\t\t\t\t\t\t<i aria-hidden=\"true\" class=\"fas fa-angle-right\"><\/i>\t\t\t\t\t\t<\/span>\n\t\t\t\t\t\t\t\t\t\t<span class=\"elementor-icon-list-text\">Sitemap<\/span>\n\t\t\t\t\t\t\t\t\t\t\t<\/a>\n\t\t\t\t\t\t\t\t\t<\/li>\n\t\t\t\t\t\t\t\t<li class=\"elementor-icon-list-item\">\n\t\t\t\t\t\t\t\t\t\t\t<span class=\"elementor-icon-list-icon\">\n\t\t\t\t\t\t\t<i aria-hidden=\"true\" class=\"fas fa-angle-right\"><\/i>\t\t\t\t\t\t<\/span>\n\t\t\t\t\t\t\t\t\t\t<span class=\"elementor-icon-list-text\"> #2<\/span>\n\t\t\t\t\t\t\t\t\t<\/li>\n\t\t\t\t\t\t\t\t<li class=\"elementor-icon-list-item\">\n\t\t\t\t\t\t\t\t\t\t\t<span class=\"elementor-icon-list-icon\">\n\t\t\t\t\t\t\t<i aria-hidden=\"true\" class=\"fas fa-angle-right\"><\/i>\t\t\t\t\t\t<\/span>\n\t\t\t\t\t\t\t\t\t\t<span class=\"elementor-icon-list-text\">#3<\/span>\n\t\t\t\t\t\t\t\t\t<\/li>\n\t\t\t\t\t\t<\/ul>\n\t\t\t\t<\/div>\n\t\t\t\t<\/div>\n\t\t\t\t\t<\/div>\n\t\t<\/div>\n\t\t\t\t<div class=\"elementor-column elementor-col-25 elementor-top-column elementor-element elementor-element-474cc8d4\" data-id=\"474cc8d4\" data-element_type=\"column\">\n\t\t\t<div class=\"elementor-widget-wrap elementor-element-populated\">\n\t\t\t\t\t\t\t\t<div class=\"elementor-element elementor-element-2a5ac842 elementor-widget elementor-widget-heading\" data-id=\"2a5ac842\" data-element_type=\"widget\" data-widget_type=\"heading.default\">\n\t\t\t\t<div class=\"elementor-widget-container\">\n\t\t\t<h4 class=\"elementor-heading-title elementor-size-default\">Info<\/h4>\t\t<\/div>\n\t\t\t\t<\/div>\n\t\t\t\t<div class=\"elementor-element elementor-element-647c22bc elementor-list-item-link-full_width elementor-widget elementor-widget-icon-list\" data-id=\"647c22bc\" data-element_type=\"widget\" data-widget_type=\"icon-list.default\">\n\t\t\t\t<div class=\"elementor-widget-container\">\n\t\t\t\t\t<ul class=\"elementor-icon-list-items\">\n\t\t\t\t\t\t\t<li class=\"elementor-icon-list-item\">\n\t\t\t\t\t<a href=\"https:\/\/www.wellensittich.net\/blog\/datenschutzerklaerung\/\" rel=\"nofollow\">\t\t\t\t\t\t<span class=\"elementor-icon-list-icon\">\n\t\t\t\t\t\t\t<i aria-hidden=\"true\" class=\"fas fa-angle-right\"><\/i>\t\t\t\t\t\t<\/span>\n\t\t\t\t\t\t\t\t\t\t<span class=\"elementor-icon-list-text\">Datenschutz<\/span>\n\t\t\t\t\t\t\t\t\t\t\t<\/a>\n\t\t\t\t\t\t\t\t\t<\/li>\n\t\t\t\t\t\t\t\t<li class=\"elementor-icon-list-item\">\n\t\t\t\t\t<a href=\"https:\/\/www.wellensittich.net\/blog\/impressum\/\" rel=\"nofollow\">\t\t\t\t\t\t<span class=\"elementor-icon-list-icon\">\n\t\t\t\t\t\t\t<i aria-hidden=\"true\" class=\"fas fa-angle-right\"><\/i>\t\t\t\t\t\t<\/span>\n\t\t\t\t\t\t\t\t\t\t<span class=\"elementor-icon-list-text\">Impressum<\/span>\n\t\t\t\t\t\t\t\t\t\t\t<\/a>\n\t\t\t\t\t\t\t\t\t<\/li>\n\t\t\t\t\t\t\t\t<li class=\"elementor-icon-list-item\">\n\t\t\t\t\t<a href=\"https:\/\/www.wellensittich.net\/blog\/kontakt\/\" rel=\"nofollow\">\t\t\t\t\t\t<span class=\"elementor-icon-list-icon\">\n\t\t\t\t\t\t\t<i aria-hidden=\"true\" class=\"fas fa-angle-right\"><\/i>\t\t\t\t\t\t<\/span>\n\t\t\t\t\t\t\t\t\t\t<span class=\"elementor-icon-list-text\">Kontakt<\/span>\n\t\t\t\t\t\t\t\t\t\t\t<\/a>\n\t\t\t\t\t\t\t\t\t<\/li>\n\t\t\t\t\t\t<\/ul>\n\t\t\t\t<\/div>\n\t\t\t\t<\/div>\n\t\t\t\t\t<\/div>\n\t\t<\/div>\n\t\t\t\t<div class=\"elementor-column elementor-col-25 elementor-top-column elementor-element elementor-element-7804610f\" data-id=\"7804610f\" data-element_type=\"column\" data-settings=\"{&quot;background_background&quot;:&quot;classic&quot;}\">\n\t\t\t<div class=\"elementor-widget-wrap elementor-element-populated\">\n\t\t\t\t\t\t\t\t<div class=\"elementor-element elementor-element-1fbe495 elementor-widget elementor-widget-heading\" data-id=\"1fbe495\" data-element_type=\"widget\" data-widget_type=\"heading.default\">\n\t\t\t\t<div class=\"elementor-widget-container\">\n\t\t\t<h4 class=\"elementor-heading-title elementor-size-default\">Social Media<\/h4>\t\t<\/div>\n\t\t\t\t<\/div>\n\t\t\t\t<div class=\"elementor-element elementor-element-7e3ab944 e-grid-align-left elementor-shape-rounded elementor-grid-0 elementor-widget elementor-widget-social-icons\" data-id=\"7e3ab944\" data-element_type=\"widget\" data-widget_type=\"social-icons.default\">\n\t\t\t\t<div class=\"elementor-widget-container\">\n\t\t\t\t\t<div class=\"elementor-social-icons-wrapper elementor-grid\">\n\t\t\t\t\t\t\t<div class=\"elementor-grid-item\">\n\t\t\t\t\t<a class=\"elementor-icon elementor-social-icon elementor-social-icon-facebook-f elementor-animation-pulse elementor-repeater-item-c1104d1\" href=\"https:\/\/www.facebook.com\/wellensittiche\/\" target=\"_blank\">\n\t\t\t\t\t\t<span class=\"elementor-screen-only\">Facebook-f<\/span>\n\t\t\t\t\t\t<i class=\"fab fa-facebook-f\"><\/i>\t\t\t\t\t<\/a>\n\t\t\t\t<\/div>\n\t\t\t\t\t\t\t<div class=\"elementor-grid-item\">\n\t\t\t\t\t<a class=\"elementor-icon elementor-social-icon elementor-social-icon-twitter elementor-animation-pulse elementor-repeater-item-7de7550\" href=\"https:\/\/www.twitter.com\/sittiche_de\/\" target=\"_blank\">\n\t\t\t\t\t\t<span class=\"elementor-screen-only\">Twitter<\/span>\n\t\t\t\t\t\t<i class=\"fab fa-twitter\"><\/i>\t\t\t\t\t<\/a>\n\t\t\t\t<\/div>\n\t\t\t\t\t\t\t<div class=\"elementor-grid-item\">\n\t\t\t\t\t<a class=\"elementor-icon elementor-social-icon elementor-social-icon-youtube elementor-animation-pulse elementor-repeater-item-eb3cdb2\" href=\"https:\/\/www.youtube.com\/channel\/UC4FvyYrrHDVuInFX-ETgFUA\" target=\"_blank\">\n\t\t\t\t\t\t<span class=\"elementor-screen-only\">Youtube<\/span>\n\t\t\t\t\t\t<i class=\"fab fa-youtube\"><\/i>\t\t\t\t\t<\/a>\n\t\t\t\t<\/div>\n\t\t\t\t\t\t\t<div class=\"elementor-grid-item\">\n\t\t\t\t\t<a class=\"elementor-icon elementor-social-icon elementor-social-icon-pinterest elementor-animation-pulse elementor-repeater-item-9757608\" href=\"https:\/\/www.pinterest.com\/wellensittichnet\/\" target=\"_blank\">\n\t\t\t\t\t\t<span class=\"elementor-screen-only\">Pinterest<\/span>\n\t\t\t\t\t\t<i class=\"fab fa-pinterest\"><\/i>\t\t\t\t\t<\/a>\n\t\t\t\t<\/div>\n\t\t\t\t\t\t\t<div class=\"elementor-grid-item\">\n\t\t\t\t\t<a class=\"elementor-icon elementor-social-icon elementor-social-icon-instagram elementor-animation-pulse elementor-repeater-item-38bbd5d\" href=\"https:\/\/www.instagram.com\/wellensittichnet\/\" target=\"_blank\">\n\t\t\t\t\t\t<span class=\"elementor-screen-only\">Instagram<\/span>\n\t\t\t\t\t\t<i class=\"fab fa-instagram\"><\/i>\t\t\t\t\t<\/a>\n\t\t\t\t<\/div>\n\t\t\t\t\t<\/div>\n\t\t\t\t<\/div>\n\t\t\t\t<\/div>\n\t\t\t\t\t<\/div>\n\t\t<\/div>\n\t\t\t\t\t\t\t<\/div>\n\t\t<\/section>\n\t\t\t\t\t\t<\/div>\n\t\t\t\t\t<\/div>\n\t\t","protected":false},"excerpt":{"rendered":"<p>Obst und Gr\u00fcnfutter f\u00fcr Wellensittiche Grunds\u00e4tzliche Informationen zum Thema Frischkost Das ist ebenfalls ein wichtiger Punkt, da es die Ern\u00e4hrung abrundet. In den Hirsesorten, also dem Wellensittich-Grundfutter sind haupts\u00e4chlich verschiedene B-Vitamine, Vitamin E,\u00a0 sowie diverse Mineralstoffe und Spurenelemente, au\u00dferdem Kohlenhydrate, Eiwei\u00df und wenig Fett. Damit aber bestimmte Mineralstoffe oder Spurenelemente besser aufgenommen und verwertet werden [&hellip;]<\/p>\n","protected":false},"author":1,"featured_media":0,"parent":0,"menu_order":0,"comment_status":"closed","ping_status":"closed","template":"","meta":{"footnotes":""},"class_list":["post-896","page","type-page","status-publish","hentry","entry"],"yoast_head":"<!-- This site is optimized with the Yoast SEO plugin v16.3 - https:\/\/yoast.com\/wordpress\/plugins\/seo\/ -->\n<title>Frischkost f\u00fcr Wellensittiche - Wellensittich Wegweiser<\/title>\n<meta name=\"robots\" content=\"index, follow, max-snippet:-1, max-image-preview:large, max-video-preview:-1\" \/>\n<link rel=\"canonical\" href=\"https:\/\/www.wellensittich.net\/blog\/frischkost\/\" \/>\n<meta property=\"og:locale\" content=\"de_DE\" \/>\n<meta property=\"og:type\" content=\"article\" \/>\n<meta property=\"og:title\" content=\"Frischkost f\u00fcr Wellensittiche - Wellensittich Wegweiser\" \/>\n<meta property=\"og:description\" content=\"Obst und Gr\u00fcnfutter f\u00fcr Wellensittiche Grunds\u00e4tzliche Informationen zum Thema Frischkost Das ist ebenfalls ein wichtiger Punkt, da es die Ern\u00e4hrung abrundet. In den Hirsesorten, also dem Wellensittich-Grundfutter sind haupts\u00e4chlich verschiedene B-Vitamine, Vitamin E,\u00a0 sowie diverse Mineralstoffe und Spurenelemente, au\u00dferdem Kohlenhydrate, Eiwei\u00df und wenig Fett. Damit aber bestimmte Mineralstoffe oder Spurenelemente besser aufgenommen und verwertet werden [&hellip;]\" \/>\n<meta property=\"og:url\" content=\"https:\/\/www.wellensittich.net\/blog\/frischkost\/\" \/>\n<meta property=\"og:site_name\" content=\"Wellensittich Wegweiser\" \/>\n<meta property=\"article:publisher\" content=\"https:\/\/www.facebook.com\/wellensittiche\/\" \/>\n<meta property=\"article:modified_time\" content=\"2021-05-24T10:28:13+00:00\" \/>\n<meta name=\"twitter:card\" content=\"summary_large_image\" \/>\n<meta name=\"twitter:label1\" content=\"Gesch\u00e4tzte Lesezeit\">\n\t<meta name=\"twitter:data1\" content=\"2\u00a0Minuten\">\n<script type=\"application\/ld+json\" class=\"yoast-schema-graph\">{\"@context\":\"https:\/\/schema.org\",\"@graph\":[{\"@type\":\"WebSite\",\"@id\":\"https:\/\/www.wellensittich.net\/blog\/#website\",\"url\":\"https:\/\/www.wellensittich.net\/blog\/\",\"name\":\"Wellensittich Wegweiser\",\"description\":\"Wellensittich Freunde hereinspaziert!\",\"potentialAction\":[{\"@type\":\"SearchAction\",\"target\":\"https:\/\/www.wellensittich.net\/blog\/?s={search_term_string}\",\"query-input\":\"required name=search_term_string\"}],\"inLanguage\":\"de\"},{\"@type\":\"WebPage\",\"@id\":\"https:\/\/www.wellensittich.net\/blog\/frischkost\/#webpage\",\"url\":\"https:\/\/www.wellensittich.net\/blog\/frischkost\/\",\"name\":\"Frischkost f\\u00fcr Wellensittiche - Wellensittich Wegweiser\",\"isPartOf\":{\"@id\":\"https:\/\/www.wellensittich.net\/blog\/#website\"},\"datePublished\":\"2021-05-16T16:03:15+00:00\",\"dateModified\":\"2021-05-24T10:28:13+00:00\",\"breadcrumb\":{\"@id\":\"https:\/\/www.wellensittich.net\/blog\/frischkost\/#breadcrumb\"},\"inLanguage\":\"de\",\"potentialAction\":[{\"@type\":\"ReadAction\",\"target\":[\"https:\/\/www.wellensittich.net\/blog\/frischkost\/\"]}]},{\"@type\":\"BreadcrumbList\",\"@id\":\"https:\/\/www.wellensittich.net\/blog\/frischkost\/#breadcrumb\",\"itemListElement\":[{\"@type\":\"ListItem\",\"position\":1,\"item\":{\"@type\":\"WebPage\",\"@id\":\"https:\/\/www.wellensittich.net\/blog\/\",\"url\":\"https:\/\/www.wellensittich.net\/blog\/\",\"name\":\"Startseite\"}},{\"@type\":\"ListItem\",\"position\":2,\"item\":{\"@id\":\"https:\/\/www.wellensittich.net\/blog\/frischkost\/#webpage\"}}]}]}<\/script>\n<!-- \/ Yoast SEO plugin. -->","_links":{"self":[{"href":"https:\/\/www.wellensittich.net\/blog\/wp-json\/wp\/v2\/pages\/896","targetHints":{"allow":["GET"]}}],"collection":[{"href":"https:\/\/www.wellensittich.net\/blog\/wp-json\/wp\/v2\/pages"}],"about":[{"href":"https:\/\/www.wellensittich.net\/blog\/wp-json\/wp\/v2\/types\/page"}],"author":[{"embeddable":true,"href":"https:\/\/www.wellensittich.net\/blog\/wp-json\/wp\/v2\/users\/1"}],"replies":[{"embeddable":true,"href":"https:\/\/www.wellensittich.net\/blog\/wp-json\/wp\/v2\/comments?post=896"}],"version-history":[{"count":26,"href":"https:\/\/www.wellensittich.net\/blog\/wp-json\/wp\/v2\/pages\/896\/revisions"}],"predecessor-version":[{"id":1643,"href":"https:\/\/www.wellensittich.net\/blog\/wp-json\/wp\/v2\/pages\/896\/revisions\/1643"}],"wp:attachment":[{"href":"https:\/\/www.wellensittich.net\/blog\/wp-json\/wp\/v2\/media?parent=896"}],"curies":[{"name":"wp","href":"https:\/\/api.w.org\/{rel}","templated":true}]}}