{"id":195,"date":"2021-05-09T00:10:59","date_gmt":"2021-05-08T22:10:59","guid":{"rendered":"https:\/\/www.wellensittich.net\/blog\/?page_id=195"},"modified":"2021-05-24T15:42:37","modified_gmt":"2021-05-24T13:42:37","slug":"vogelsicheres-zimmer","status":"publish","type":"page","link":"https:\/\/www.wellensittich.net\/blog\/vogelsicheres-zimmer\/","title":{"rendered":"Vogelsicheres-Zimmer"},"content":{"rendered":"\t\t<div data-elementor-type=\"wp-page\" data-elementor-id=\"195\" class=\"elementor elementor-195\" data-elementor-settings=\"[]\">\n\t\t\t\t\t\t\t<div class=\"elementor-section-wrap\">\n\t\t\t\t\t\t\t<section class=\"elementor-section elementor-top-section elementor-element elementor-element-674a0aee elementor-section-full_width elementor-section-height-min-height elementor-section-items-top elementor-section-height-default\" data-id=\"674a0aee\" data-element_type=\"section\" data-settings=\"{&quot;background_background&quot;:&quot;classic&quot;}\">\n\t\t\t\t\t\t<div class=\"elementor-container elementor-column-gap-default\">\n\t\t\t\t\t<div class=\"elementor-column elementor-col-100 elementor-top-column elementor-element elementor-element-4fb2971d\" data-id=\"4fb2971d\" data-element_type=\"column\">\n\t\t\t<div class=\"elementor-widget-wrap\">\n\t\t\t\t\t\t\t\t\t<\/div>\n\t\t<\/div>\n\t\t\t\t\t\t\t<\/div>\n\t\t<\/section>\n\t\t\t\t<section class=\"elementor-section elementor-top-section elementor-element elementor-element-4cd05c7 elementor-section-boxed elementor-section-height-default elementor-section-height-default\" data-id=\"4cd05c7\" data-element_type=\"section\">\n\t\t\t\t\t\t<div class=\"elementor-container elementor-column-gap-default\">\n\t\t\t\t\t<div class=\"elementor-column elementor-col-100 elementor-top-column elementor-element elementor-element-c09dc1d\" data-id=\"c09dc1d\" data-element_type=\"column\">\n\t\t\t<div class=\"elementor-widget-wrap elementor-element-populated\">\n\t\t\t\t\t\t\t\t<div class=\"elementor-element elementor-element-df8eb39 elementor-widget elementor-widget-text-editor\" data-id=\"df8eb39\" data-element_type=\"widget\" data-widget_type=\"text-editor.default\">\n\t\t\t\t<div class=\"elementor-widget-container\">\n\t\t\t\t\t\t\t\t<p><span class=\"oceanwp-breadcrumb\"><nav aria-label=\"Breadcrumbs\" class=\"site-breadcrumbs clr position-under-title\" itemprop=\"breadcrumb\"><ol class=\"trail-items\" itemscope itemtype=\"http:\/\/schema.org\/BreadcrumbList\"><meta name=\"numberOfItems\" content=\"1\" \/><meta name=\"itemListOrder\" content=\"Ascending\" \/><li class=\"trail-item trail-end\" itemprop=\"itemListElement\" itemscope itemtype=\"https:\/\/schema.org\/ListItem\"><a href=\"https:\/\/www.wellensittich.net\/blog\" rel=\"home\" aria-label=\"Home (Start)\" itemtype=\"https:\/\/schema.org\/Thing\" itemprop=\"item\"><span itemprop=\"name\"><span class=\"icon-home\" aria-hidden=\"true\"><\/span><span class=\"breadcrumb-home has-icon\">Home (Start)<\/span><\/span><\/a><meta content=\"1\" itemprop=\"position\" \/><\/li><\/ol><\/nav><\/span><\/p>\t\t\t\t\t\t<\/div>\n\t\t\t\t<\/div>\n\t\t\t\t\t<\/div>\n\t\t<\/div>\n\t\t\t\t\t\t\t<\/div>\n\t\t<\/section>\n\t\t\t\t<section class=\"elementor-section elementor-top-section elementor-element elementor-element-ab5edfd elementor-section-boxed elementor-section-height-default elementor-section-height-default\" data-id=\"ab5edfd\" data-element_type=\"section\">\n\t\t\t\t\t\t<div class=\"elementor-container elementor-column-gap-default\">\n\t\t\t\t\t<div class=\"elementor-column elementor-col-100 elementor-top-column elementor-element elementor-element-ed65df6\" data-id=\"ed65df6\" data-element_type=\"column\">\n\t\t\t<div class=\"elementor-widget-wrap elementor-element-populated\">\n\t\t\t\t\t\t\t\t<div class=\"elementor-element elementor-element-6251ca4 elementor-invisible elementor-widget elementor-widget-heading\" data-id=\"6251ca4\" data-element_type=\"widget\" data-settings=\"{&quot;_animation&quot;:&quot;fadeInDown&quot;}\" data-widget_type=\"heading.default\">\n\t\t\t\t<div class=\"elementor-widget-container\">\n\t\t\t<h1 class=\"elementor-heading-title elementor-size-default\">Ein vogelsicheres Zimmer f\u00fcr Wellensittiche<\/h1>\t\t<\/div>\n\t\t\t\t<\/div>\n\t\t\t\t\t<\/div>\n\t\t<\/div>\n\t\t\t\t\t\t\t<\/div>\n\t\t<\/section>\n\t\t\t\t<section class=\"elementor-section elementor-top-section elementor-element elementor-element-3713192 elementor-section-boxed elementor-section-height-default elementor-section-height-default\" data-id=\"3713192\" data-element_type=\"section\">\n\t\t\t\t\t\t<div class=\"elementor-container elementor-column-gap-default\">\n\t\t\t\t\t<div class=\"elementor-column elementor-col-100 elementor-top-column elementor-element elementor-element-73fdb12\" data-id=\"73fdb12\" data-element_type=\"column\">\n\t\t\t<div class=\"elementor-widget-wrap elementor-element-populated\">\n\t\t\t\t\t\t\t\t<div class=\"elementor-element elementor-element-08080b1 elementor-widget elementor-widget-text-editor\" data-id=\"08080b1\" data-element_type=\"widget\" data-widget_type=\"text-editor.default\">\n\t\t\t\t<div class=\"elementor-widget-container\">\n\t\t\t\t\t\t\t\t<p>Oft wird im\u00a0<a href=\"https:\/\/www.wellensittich-forum.de\/\" target=\"_blank\" rel=\"noopener\">Forum<\/a>\u00a0vom &#8222;vogelsicheren Zimmer&#8220; geschrieben. Aber was ist das eigentlich genau? Was muss dabei beachtet werden? Es gilt, alle m\u00f6glichen Gefahrenquellen, an denen sich die V\u00f6gel beim Freiflug verletzen k\u00f6nnen, zu entfernen.<\/p><ul><li>Oft stehen Schr\u00e4nke oder Regale nicht ganz an der Wand, so das ein 3-4cm Spalt zu Wand entsteht &#8211; genug Platz f\u00fcr einen Wellensittich dahinter zu klettern und stecken zu bleiben! Um das zu verhindern, sollten alle Ritzen mit einer Holzplatte oder einer festen Pappe zugedeckt werden.<br \/><br \/><\/li><li>Da viele Wellensittiche Gr\u00fcnzeug lieben, sollte man auf seine Pflanzen achtgeben. Sind wirklich alle Pflanzen im Zimmer ungiftig f\u00fcr die Wellensittiche? Nicht selten passiert es, dass man aus dem Zimmer geht und 3 Minuten sp\u00e4ter, sitzen die kleinen in den Pflanzen auf der Fensterbank. Eine Liste mit giftigen und ungiftigen Pflanzen findet ihr auf\u00a0<a href=\"https:\/\/www.sittiche.de\/tipps_pflanzen.htm\" target=\"_blank\" rel=\"noopener\">www.sittiche.de<\/a>.<br \/><br \/><\/li><li>Bei den ersten Freifl\u00fcgen f\u00e4llt es vielen V\u00f6geln schwer, die Fenster zu erkennen und sie fliegen dagegen. Manche lernen es auch nie. Deswegen sollte mindestens am Anfang eine Gardine vor die Fenster gezogen oder die Rolll\u00e4den runtergezogen sein. Dauerhaft kann man, um die Fenster zu verdeutlichen, gro\u00dfe Pflanzen davorstellen oder etwas an die Scheiben kleben, z.B. Window-Color-Figuren.<br \/><br \/><\/li><li>Da Wellensittiche sehr neugierig sind, sollte man offene Stromleitungen und Stromkabel gut verstecken. Mit den starken Schn\u00e4beln und ihrem Nagedrang kann es passieren, dass diese sonst angeknabbert werden und die Wellensittiche einen Stromschlag kriegen.<br \/><br \/><\/li><li>Deckenfluter sind sehr gef\u00e4hrlich, da Wellensittiche immer auf dem h\u00f6chsten Punkt im Raum sitzen wollen und das ist h\u00e4ufig ein Deckenfluter. Auch wenn man sich vornimmt, das Licht nur einzuschalten, wenn die V\u00f6gel im K\u00e4fig sind, kann man das leicht vergessen und die V\u00f6gel setzen sich auf die hei\u00dfe Lampe und k\u00f6nnen sich stark verletzen.<br \/><br \/><\/li><li>Offene Gef\u00e4\u00dfe, wie Vasen oder auch Gl\u00e4ser, sind wegzustellen oder abzudichten. Es kann passieren, dass ein neugieriger Wellensittich darin stecken bleibt.<br \/><br \/><\/li><li>Auch scharfkantige oder spitze Gegenst\u00e4nde, die der Wellensittich eventuell gar nicht erkennen kann, m\u00fcssen entfern werden.<br \/><br \/><\/li><li>Damit das Zimmer nicht nach einer Weile sch\u00e4big aussieht, weil die Wellensittiche an den Tapeten rumgenagt haben ist es hilfreich, an den bevorzugten Nagestellen eine Plexiglasplatte anzuschrauben. So bleibt die Tapete gesch\u00fctzt.<\/li><\/ul>\t\t\t\t\t\t<\/div>\n\t\t\t\t<\/div>\n\t\t\t\t\t<\/div>\n\t\t<\/div>\n\t\t\t\t\t\t\t<\/div>\n\t\t<\/section>\n\t\t\t\t<section class=\"elementor-section elementor-top-section elementor-element elementor-element-7ad5dfbe elementor-section-boxed elementor-section-height-default elementor-section-height-default\" data-id=\"7ad5dfbe\" data-element_type=\"section\">\n\t\t\t\t\t\t<div class=\"elementor-container elementor-column-gap-default\">\n\t\t\t\t\t<div class=\"elementor-column elementor-col-100 elementor-top-column elementor-element elementor-element-3ea03c62\" data-id=\"3ea03c62\" data-element_type=\"column\">\n\t\t\t<div class=\"elementor-widget-wrap elementor-element-populated\">\n\t\t\t\t\t\t\t\t<div class=\"elementor-element elementor-element-46810fea elementor-widget elementor-widget-wp-widget-ocean_social_share\" data-id=\"46810fea\" data-element_type=\"widget\" data-widget_type=\"wp-widget-ocean_social_share.default\">\n\t\t\t\t<div class=\"elementor-widget-container\">\n\t\t\t<h5>Teilst du gerne?<\/h5>\t\t\t\t<ul class=\"owp-social-share style-minimal name-hidden\">\n\t\t\t\t\t<li class=\"twitter\"><a href=\"https:\/\/twitter.com\/share?text=Vogelsicheres-Zimmer&amp;url=https%3A%2F%2Fwww.wellensittich.net%2Fblog%2Fvogelsicheres-zimmer%2F\" title=\"Share on Twitter\"  onclick=\"owpShareOnClick( this.href );return false;\"><span class=\"owp-icon-wrap\"><svg class=\"owpss-icon\" aria-labelledby=\"owpss-twitter-icon\" role=\"img\" viewBox=\"0 0 24 24\" xmlns=\"http:\/\/www.w3.org\/2000\/svg\">\n\t\t\t\t\t\t\t\t<path d=\"M23.954 4.569c-.885.389-1.83.654-2.825.775 1.014-.611 1.794-1.574 2.163-2.723-.951.555-2.005.959-3.127 1.184-.896-.959-2.173-1.559-3.591-1.559-2.717 0-4.92 2.203-4.92 4.917 0 .39.045.765.127 1.124C7.691 8.094 4.066 6.13 1.64 3.161c-.427.722-.666 1.561-.666 2.475 0 1.71.87 3.213 2.188 4.096-.807-.026-1.566-.248-2.228-.616v.061c0 2.385 1.693 4.374 3.946 4.827-.413.111-.849.171-1.296.171-.314 0-.615-.03-.916-.086.631 1.953 2.445 3.377 4.604 3.417-1.68 1.319-3.809 2.105-6.102 2.105-.39 0-.779-.023-1.17-.067 2.189 1.394 4.768 2.209 7.557 2.209 9.054 0 13.999-7.496 13.999-13.986 0-.209 0-.42-.015-.63.961-.689 1.8-1.56 2.46-2.548l-.047-.02z\"\/>\n\t\t\t\t\t\t\t<\/svg><\/span><\/a><\/li><li class=\"facebook\"><a href=\"https:\/\/www.facebook.com\/sharer.php?u=https%3A%2F%2Fwww.wellensittich.net%2Fblog%2Fvogelsicheres-zimmer%2F\" title=\"Share on Facebook\"  onclick=\"owpShareOnClick( this.href );return false;\"><span class=\"owp-icon-wrap\"><svg class=\"owpss-icon\" aria-labelledby=\"owpss-facebook-icon\" role=\"img\" viewBox=\"0 0 24 24\" xmlns=\"http:\/\/www.w3.org\/2000\/svg\">\n\t\t\t\t\t\t\t\t<path d=\"M5.677,12.998V8.123h3.575V6.224C9.252,2.949,11.712,0,14.736,0h3.94v4.874h-3.94\n\t\t\t\t\t\t\t\tc-0.432,0-0.934,0.524-0.934,1.308v1.942h4.874v4.874h-4.874V24H9.252V12.998H5.677z\"\/>\n\t\t\t\t\t\t\t<\/svg><\/span><\/a><\/li><li class=\"pinterest\"><a href=\"https:\/\/www.pinterest.com\/pin\/create\/button\/?url=https%3A%2F%2Fwww.wellensittich.net%2Fblog%2Fvogelsicheres-zimmer%2F&amp;media=&amp;description=Ein+vogelsicheres+Zimmer+f%C3%BCr+Wellensittiche+Oft+wird+im%C2%A0Forum%C2%A0vom+%22vogelsicheren+Zimmer%22+geschrieben.+Aber+was+ist+das+eigentlich+genau%3F+Was+muss+dabei+beachtet+werden%3F+Es+gilt%2C+alle+m%C3%B6glichen+Gefahrenquellen%2C+an+denen+sich+die+V%C3%B6gel+beim+Freiflug+verletzen+k%C3%B6nnen%2C+zu+entfernen.Oft+stehen+Schr%C3%A4nke%26hellip%3B\" title=\"Share on Pinterest\"  onclick=\"owpShareOnClick( this.href );return false;\"><span class=\"owp-icon-wrap\"><svg class=\"owpss-icon\" aria-labelledby=\"owpss-pinterest-icon\" role=\"img\" viewBox=\"0 0 24 24\" xmlns=\"http:\/\/www.w3.org\/2000\/svg\">\n\t\t\t\t\t\t\t\t<path d=\"M13.757,17.343c-1.487,0-2.886-0.804-3.365-1.717c0,0-0.8,3.173-0.969,3.785\n\t\t\t\t\t\t\t\tc-0.596,2.165-2.35,4.331-2.487,4.508c-0.095,0.124-0.305,0.085-0.327-0.078c-0.038-0.276-0.485-3.007,0.041-5.235\n\t\t\t\t\t\t\t\tc0.264-1.118,1.772-7.505,1.772-7.505s-0.44-0.879-0.44-2.179c0-2.041,1.183-3.565,2.657-3.565c1.252,0,1.857,0.94,1.857,2.068\n\t\t\t\t\t\t\t\tc0,1.26-0.802,3.142-1.216,4.888c-0.345,1.461,0.734,2.653,2.174,2.653c2.609,0,4.367-3.352,4.367-7.323\n\t\t\t\t\t\t\t\tc0-3.018-2.032-5.278-5.731-5.278c-4.177,0-6.782,3.116-6.782,6.597c0,1.2,0.355,2.047,0.909,2.701\n\t\t\t\t\t\t\t\tc0.255,0.301,0.29,0.422,0.198,0.767c-0.067,0.254-0.218,0.864-0.281,1.106c-0.092,0.349-0.375,0.474-0.69,0.345\n\t\t\t\t\t\t\t\tc-1.923-0.785-2.82-2.893-2.82-5.262c0-3.912,3.3-8.604,9.844-8.604c5.259,0,8.72,3.805,8.72,7.89\n\t\t\t\t\t\t\t\tC21.188,13.307,18.185,17.343,13.757,17.343z\"\/>\n\t\t\t\t\t\t\t<\/svg><\/span><\/a><\/li>\t\t\t\t<\/ul>\n\n\t\t\t\t\n\t\t\n\t\t\t\t\t<\/div>\n\t\t\t\t<\/div>\n\t\t\t\t\t<\/div>\n\t\t<\/div>\n\t\t\t\t\t\t\t<\/div>\n\t\t<\/section>\n\t\t\t\t<section class=\"elementor-section elementor-top-section elementor-element elementor-element-33360289 elementor-section-boxed elementor-section-height-default elementor-section-height-default\" data-id=\"33360289\" data-element_type=\"section\" data-settings=\"{&quot;background_background&quot;:&quot;classic&quot;}\">\n\t\t\t\t\t\t<div class=\"elementor-container elementor-column-gap-default\">\n\t\t\t\t\t<div class=\"elementor-column elementor-col-25 elementor-top-column elementor-element elementor-element-42580274\" data-id=\"42580274\" data-element_type=\"column\">\n\t\t\t<div class=\"elementor-widget-wrap elementor-element-populated\">\n\t\t\t\t\t\t\t\t<div class=\"elementor-element elementor-element-68a57bce elementor-widget elementor-widget-heading\" data-id=\"68a57bce\" data-element_type=\"widget\" data-widget_type=\"heading.default\">\n\t\t\t\t<div class=\"elementor-widget-container\">\n\t\t\t<h4 class=\"elementor-heading-title elementor-size-default\">Disclaimer<\/h4>\t\t<\/div>\n\t\t\t\t<\/div>\n\t\t\t\t<div class=\"elementor-element elementor-element-18f9cb28 elementor-widget elementor-widget-text-editor\" data-id=\"18f9cb28\" data-element_type=\"widget\" data-widget_type=\"text-editor.default\">\n\t\t\t\t<div class=\"elementor-widget-container\">\n\t\t\t\t\t\t\t\t<p>Kopieren und Publizieren des Textmaterials &#8211; auch auszugsweise ist auf fremden Seiten nicht erlaubt, es bedarf einer expliziten Genehmigung\u00a0 und ist selbst dann mit Setzung eines Backlinks verbunden.<\/p>\t\t\t\t\t\t<\/div>\n\t\t\t\t<\/div>\n\t\t\t\t\t<\/div>\n\t\t<\/div>\n\t\t\t\t<div class=\"elementor-column elementor-col-25 elementor-top-column elementor-element elementor-element-24f0e12c\" data-id=\"24f0e12c\" data-element_type=\"column\">\n\t\t\t<div class=\"elementor-widget-wrap elementor-element-populated\">\n\t\t\t\t\t\t\t\t<div class=\"elementor-element elementor-element-7c5691ef elementor-widget elementor-widget-heading\" data-id=\"7c5691ef\" data-element_type=\"widget\" data-widget_type=\"heading.default\">\n\t\t\t\t<div class=\"elementor-widget-container\">\n\t\t\t<h4 class=\"elementor-heading-title elementor-size-default\">Seiten<\/h4>\t\t<\/div>\n\t\t\t\t<\/div>\n\t\t\t\t<div class=\"elementor-element elementor-element-32c19028 elementor-icon-list--layout-traditional elementor-list-item-link-full_width elementor-widget elementor-widget-icon-list\" data-id=\"32c19028\" data-element_type=\"widget\" data-widget_type=\"icon-list.default\">\n\t\t\t\t<div class=\"elementor-widget-container\">\n\t\t\t\t\t<ul class=\"elementor-icon-list-items\">\n\t\t\t\t\t\t\t<li class=\"elementor-icon-list-item\">\n\t\t\t\t\t<a href=\"https:\/\/www.wellensittich.net\/blog\/inhalt\/\">\t\t\t\t\t\t<span class=\"elementor-icon-list-icon\">\n\t\t\t\t\t\t\t<i aria-hidden=\"true\" class=\"fas fa-angle-right\"><\/i>\t\t\t\t\t\t<\/span>\n\t\t\t\t\t\t\t\t\t\t<span class=\"elementor-icon-list-text\">Sitemap<\/span>\n\t\t\t\t\t\t\t\t\t\t\t<\/a>\n\t\t\t\t\t\t\t\t\t<\/li>\n\t\t\t\t\t\t\t\t<li class=\"elementor-icon-list-item\">\n\t\t\t\t\t\t\t\t\t\t\t<span class=\"elementor-icon-list-icon\">\n\t\t\t\t\t\t\t<i aria-hidden=\"true\" class=\"fas fa-angle-right\"><\/i>\t\t\t\t\t\t<\/span>\n\t\t\t\t\t\t\t\t\t\t<span class=\"elementor-icon-list-text\"> #2<\/span>\n\t\t\t\t\t\t\t\t\t<\/li>\n\t\t\t\t\t\t\t\t<li class=\"elementor-icon-list-item\">\n\t\t\t\t\t\t\t\t\t\t\t<span class=\"elementor-icon-list-icon\">\n\t\t\t\t\t\t\t<i aria-hidden=\"true\" class=\"fas fa-angle-right\"><\/i>\t\t\t\t\t\t<\/span>\n\t\t\t\t\t\t\t\t\t\t<span class=\"elementor-icon-list-text\">#3<\/span>\n\t\t\t\t\t\t\t\t\t<\/li>\n\t\t\t\t\t\t<\/ul>\n\t\t\t\t<\/div>\n\t\t\t\t<\/div>\n\t\t\t\t\t<\/div>\n\t\t<\/div>\n\t\t\t\t<div class=\"elementor-column elementor-col-25 elementor-top-column elementor-element elementor-element-7debbb65\" data-id=\"7debbb65\" data-element_type=\"column\">\n\t\t\t<div class=\"elementor-widget-wrap elementor-element-populated\">\n\t\t\t\t\t\t\t\t<div class=\"elementor-element elementor-element-6e86aa5f elementor-widget elementor-widget-heading\" data-id=\"6e86aa5f\" data-element_type=\"widget\" data-widget_type=\"heading.default\">\n\t\t\t\t<div class=\"elementor-widget-container\">\n\t\t\t<h4 class=\"elementor-heading-title elementor-size-default\">Info<\/h4>\t\t<\/div>\n\t\t\t\t<\/div>\n\t\t\t\t<div class=\"elementor-element elementor-element-7780c757 elementor-list-item-link-full_width elementor-widget elementor-widget-icon-list\" data-id=\"7780c757\" data-element_type=\"widget\" data-widget_type=\"icon-list.default\">\n\t\t\t\t<div class=\"elementor-widget-container\">\n\t\t\t\t\t<ul class=\"elementor-icon-list-items\">\n\t\t\t\t\t\t\t<li class=\"elementor-icon-list-item\">\n\t\t\t\t\t<a href=\"https:\/\/www.wellensittich.net\/blog\/datenschutzerklaerung\/\" rel=\"nofollow\">\t\t\t\t\t\t<span class=\"elementor-icon-list-icon\">\n\t\t\t\t\t\t\t<i aria-hidden=\"true\" class=\"fas fa-angle-right\"><\/i>\t\t\t\t\t\t<\/span>\n\t\t\t\t\t\t\t\t\t\t<span class=\"elementor-icon-list-text\">Datenschutz<\/span>\n\t\t\t\t\t\t\t\t\t\t\t<\/a>\n\t\t\t\t\t\t\t\t\t<\/li>\n\t\t\t\t\t\t\t\t<li class=\"elementor-icon-list-item\">\n\t\t\t\t\t<a href=\"https:\/\/www.wellensittich.net\/blog\/impressum\/\" rel=\"nofollow\">\t\t\t\t\t\t<span class=\"elementor-icon-list-icon\">\n\t\t\t\t\t\t\t<i aria-hidden=\"true\" class=\"fas fa-angle-right\"><\/i>\t\t\t\t\t\t<\/span>\n\t\t\t\t\t\t\t\t\t\t<span class=\"elementor-icon-list-text\">Impressum<\/span>\n\t\t\t\t\t\t\t\t\t\t\t<\/a>\n\t\t\t\t\t\t\t\t\t<\/li>\n\t\t\t\t\t\t\t\t<li class=\"elementor-icon-list-item\">\n\t\t\t\t\t<a href=\"https:\/\/www.wellensittich.net\/blog\/kontakt\/\" rel=\"nofollow\">\t\t\t\t\t\t<span class=\"elementor-icon-list-icon\">\n\t\t\t\t\t\t\t<i aria-hidden=\"true\" class=\"fas fa-angle-right\"><\/i>\t\t\t\t\t\t<\/span>\n\t\t\t\t\t\t\t\t\t\t<span class=\"elementor-icon-list-text\">Kontakt<\/span>\n\t\t\t\t\t\t\t\t\t\t\t<\/a>\n\t\t\t\t\t\t\t\t\t<\/li>\n\t\t\t\t\t\t<\/ul>\n\t\t\t\t<\/div>\n\t\t\t\t<\/div>\n\t\t\t\t\t<\/div>\n\t\t<\/div>\n\t\t\t\t<div class=\"elementor-column elementor-col-25 elementor-top-column elementor-element elementor-element-6ac11682\" data-id=\"6ac11682\" data-element_type=\"column\" data-settings=\"{&quot;background_background&quot;:&quot;classic&quot;}\">\n\t\t\t<div class=\"elementor-widget-wrap elementor-element-populated\">\n\t\t\t\t\t\t\t\t<div class=\"elementor-element elementor-element-30611851 elementor-widget elementor-widget-heading\" data-id=\"30611851\" data-element_type=\"widget\" data-widget_type=\"heading.default\">\n\t\t\t\t<div class=\"elementor-widget-container\">\n\t\t\t<h4 class=\"elementor-heading-title elementor-size-default\">Social Media<\/h4>\t\t<\/div>\n\t\t\t\t<\/div>\n\t\t\t\t<div class=\"elementor-element elementor-element-733cf5b2 e-grid-align-left elementor-shape-rounded elementor-grid-0 elementor-widget elementor-widget-social-icons\" data-id=\"733cf5b2\" data-element_type=\"widget\" data-widget_type=\"social-icons.default\">\n\t\t\t\t<div class=\"elementor-widget-container\">\n\t\t\t\t\t<div class=\"elementor-social-icons-wrapper elementor-grid\">\n\t\t\t\t\t\t\t<div class=\"elementor-grid-item\">\n\t\t\t\t\t<a class=\"elementor-icon elementor-social-icon elementor-social-icon-facebook-f elementor-animation-pulse elementor-repeater-item-c1104d1\" href=\"https:\/\/www.facebook.com\/wellensittiche\/\" target=\"_blank\">\n\t\t\t\t\t\t<span class=\"elementor-screen-only\">Facebook-f<\/span>\n\t\t\t\t\t\t<i class=\"fab fa-facebook-f\"><\/i>\t\t\t\t\t<\/a>\n\t\t\t\t<\/div>\n\t\t\t\t\t\t\t<div class=\"elementor-grid-item\">\n\t\t\t\t\t<a class=\"elementor-icon elementor-social-icon elementor-social-icon-twitter elementor-animation-pulse elementor-repeater-item-7de7550\" href=\"https:\/\/www.twitter.com\/sittiche_de\/\" target=\"_blank\">\n\t\t\t\t\t\t<span class=\"elementor-screen-only\">Twitter<\/span>\n\t\t\t\t\t\t<i class=\"fab fa-twitter\"><\/i>\t\t\t\t\t<\/a>\n\t\t\t\t<\/div>\n\t\t\t\t\t\t\t<div class=\"elementor-grid-item\">\n\t\t\t\t\t<a class=\"elementor-icon elementor-social-icon elementor-social-icon-youtube elementor-animation-pulse elementor-repeater-item-eb3cdb2\" href=\"https:\/\/www.youtube.com\/channel\/UC4FvyYrrHDVuInFX-ETgFUA\" target=\"_blank\">\n\t\t\t\t\t\t<span class=\"elementor-screen-only\">Youtube<\/span>\n\t\t\t\t\t\t<i class=\"fab fa-youtube\"><\/i>\t\t\t\t\t<\/a>\n\t\t\t\t<\/div>\n\t\t\t\t\t\t\t<div class=\"elementor-grid-item\">\n\t\t\t\t\t<a class=\"elementor-icon elementor-social-icon elementor-social-icon-pinterest elementor-animation-pulse elementor-repeater-item-9757608\" href=\"https:\/\/www.pinterest.com\/wellensittichnet\/\" target=\"_blank\">\n\t\t\t\t\t\t<span class=\"elementor-screen-only\">Pinterest<\/span>\n\t\t\t\t\t\t<i class=\"fab fa-pinterest\"><\/i>\t\t\t\t\t<\/a>\n\t\t\t\t<\/div>\n\t\t\t\t\t\t\t<div class=\"elementor-grid-item\">\n\t\t\t\t\t<a class=\"elementor-icon elementor-social-icon elementor-social-icon-instagram elementor-animation-pulse elementor-repeater-item-38bbd5d\" href=\"https:\/\/www.instagram.com\/wellensittichnet\/\" target=\"_blank\">\n\t\t\t\t\t\t<span class=\"elementor-screen-only\">Instagram<\/span>\n\t\t\t\t\t\t<i class=\"fab fa-instagram\"><\/i>\t\t\t\t\t<\/a>\n\t\t\t\t<\/div>\n\t\t\t\t\t<\/div>\n\t\t\t\t<\/div>\n\t\t\t\t<\/div>\n\t\t\t\t\t<\/div>\n\t\t<\/div>\n\t\t\t\t\t\t\t<\/div>\n\t\t<\/section>\n\t\t\t\t\t\t<\/div>\n\t\t\t\t\t<\/div>\n\t\t","protected":false},"excerpt":{"rendered":"<p>Ein vogelsicheres Zimmer f\u00fcr Wellensittiche Oft wird im\u00a0Forum\u00a0vom &#8222;vogelsicheren Zimmer&#8220; geschrieben. Aber was ist das eigentlich genau? Was muss dabei beachtet werden? Es gilt, alle m\u00f6glichen Gefahrenquellen, an denen sich die V\u00f6gel beim Freiflug verletzen k\u00f6nnen, zu entfernen. Oft stehen Schr\u00e4nke oder Regale nicht ganz an der Wand, so das ein 3-4cm Spalt zu Wand [&hellip;]<\/p>\n","protected":false},"author":1,"featured_media":0,"parent":0,"menu_order":0,"comment_status":"closed","ping_status":"closed","template":"","meta":{"footnotes":""},"class_list":["post-195","page","type-page","status-publish","hentry","entry"],"yoast_head":"<!-- This site is optimized with the Yoast SEO plugin v16.3 - https:\/\/yoast.com\/wordpress\/plugins\/seo\/ -->\n<title>Vogelsicheres-Zimmer - Wellensittich Wegweiser<\/title>\n<meta name=\"robots\" content=\"index, follow, max-snippet:-1, max-image-preview:large, max-video-preview:-1\" \/>\n<link rel=\"canonical\" href=\"https:\/\/www.wellensittich.net\/blog\/vogelsicheres-zimmer\/\" \/>\n<meta property=\"og:locale\" content=\"de_DE\" \/>\n<meta property=\"og:type\" content=\"article\" \/>\n<meta property=\"og:title\" content=\"Vogelsicheres-Zimmer - Wellensittich Wegweiser\" \/>\n<meta property=\"og:description\" content=\"Ein vogelsicheres Zimmer f\u00fcr Wellensittiche Oft wird im\u00a0Forum\u00a0vom &#8222;vogelsicheren Zimmer&#8220; geschrieben. Aber was ist das eigentlich genau? Was muss dabei beachtet werden? Es gilt, alle m\u00f6glichen Gefahrenquellen, an denen sich die V\u00f6gel beim Freiflug verletzen k\u00f6nnen, zu entfernen. Oft stehen Schr\u00e4nke oder Regale nicht ganz an der Wand, so das ein 3-4cm Spalt zu Wand [&hellip;]\" \/>\n<meta property=\"og:url\" content=\"https:\/\/www.wellensittich.net\/blog\/vogelsicheres-zimmer\/\" \/>\n<meta property=\"og:site_name\" content=\"Wellensittich Wegweiser\" \/>\n<meta property=\"article:publisher\" content=\"https:\/\/www.facebook.com\/wellensittiche\/\" \/>\n<meta property=\"article:modified_time\" content=\"2021-05-24T13:42:37+00:00\" \/>\n<meta name=\"twitter:card\" content=\"summary_large_image\" \/>\n<meta name=\"twitter:label1\" content=\"Gesch\u00e4tzte Lesezeit\">\n\t<meta name=\"twitter:data1\" content=\"2\u00a0Minuten\">\n<script type=\"application\/ld+json\" class=\"yoast-schema-graph\">{\"@context\":\"https:\/\/schema.org\",\"@graph\":[{\"@type\":\"WebSite\",\"@id\":\"https:\/\/www.wellensittich.net\/blog\/#website\",\"url\":\"https:\/\/www.wellensittich.net\/blog\/\",\"name\":\"Wellensittich Wegweiser\",\"description\":\"Wellensittich Freunde hereinspaziert!\",\"potentialAction\":[{\"@type\":\"SearchAction\",\"target\":\"https:\/\/www.wellensittich.net\/blog\/?s={search_term_string}\",\"query-input\":\"required name=search_term_string\"}],\"inLanguage\":\"de\"},{\"@type\":\"WebPage\",\"@id\":\"https:\/\/www.wellensittich.net\/blog\/vogelsicheres-zimmer\/#webpage\",\"url\":\"https:\/\/www.wellensittich.net\/blog\/vogelsicheres-zimmer\/\",\"name\":\"Vogelsicheres-Zimmer - Wellensittich Wegweiser\",\"isPartOf\":{\"@id\":\"https:\/\/www.wellensittich.net\/blog\/#website\"},\"datePublished\":\"2021-05-08T22:10:59+00:00\",\"dateModified\":\"2021-05-24T13:42:37+00:00\",\"breadcrumb\":{\"@id\":\"https:\/\/www.wellensittich.net\/blog\/vogelsicheres-zimmer\/#breadcrumb\"},\"inLanguage\":\"de\",\"potentialAction\":[{\"@type\":\"ReadAction\",\"target\":[\"https:\/\/www.wellensittich.net\/blog\/vogelsicheres-zimmer\/\"]}]},{\"@type\":\"BreadcrumbList\",\"@id\":\"https:\/\/www.wellensittich.net\/blog\/vogelsicheres-zimmer\/#breadcrumb\",\"itemListElement\":[{\"@type\":\"ListItem\",\"position\":1,\"item\":{\"@type\":\"WebPage\",\"@id\":\"https:\/\/www.wellensittich.net\/blog\/\",\"url\":\"https:\/\/www.wellensittich.net\/blog\/\",\"name\":\"Startseite\"}},{\"@type\":\"ListItem\",\"position\":2,\"item\":{\"@id\":\"https:\/\/www.wellensittich.net\/blog\/vogelsicheres-zimmer\/#webpage\"}}]}]}<\/script>\n<!-- \/ Yoast SEO plugin. -->","_links":{"self":[{"href":"https:\/\/www.wellensittich.net\/blog\/wp-json\/wp\/v2\/pages\/195","targetHints":{"allow":["GET"]}}],"collection":[{"href":"https:\/\/www.wellensittich.net\/blog\/wp-json\/wp\/v2\/pages"}],"about":[{"href":"https:\/\/www.wellensittich.net\/blog\/wp-json\/wp\/v2\/types\/page"}],"author":[{"embeddable":true,"href":"https:\/\/www.wellensittich.net\/blog\/wp-json\/wp\/v2\/users\/1"}],"replies":[{"embeddable":true,"href":"https:\/\/www.wellensittich.net\/blog\/wp-json\/wp\/v2\/comments?post=195"}],"version-history":[{"count":50,"href":"https:\/\/www.wellensittich.net\/blog\/wp-json\/wp\/v2\/pages\/195\/revisions"}],"predecessor-version":[{"id":1649,"href":"https:\/\/www.wellensittich.net\/blog\/wp-json\/wp\/v2\/pages\/195\/revisions\/1649"}],"wp:attachment":[{"href":"https:\/\/www.wellensittich.net\/blog\/wp-json\/wp\/v2\/media?parent=195"}],"curies":[{"name":"wp","href":"https:\/\/api.w.org\/{rel}","templated":true}]}}