{"id":1169,"date":"2021-05-19T15:55:06","date_gmt":"2021-05-19T13:55:06","guid":{"rendered":"https:\/\/www.wellensittich.net\/blog\/?page_id=1169"},"modified":"2021-05-24T12:21:24","modified_gmt":"2021-05-24T10:21:24","slug":"wuehlkiste-fur-wellensittiche","status":"publish","type":"page","link":"https:\/\/www.wellensittich.net\/blog\/wuehlkiste-fur-wellensittiche\/","title":{"rendered":"W\u00fchlkiste f\u00fcr Wellensittiche"},"content":{"rendered":"\t\t<div data-elementor-type=\"wp-page\" data-elementor-id=\"1169\" class=\"elementor elementor-1169\" data-elementor-settings=\"[]\">\n\t\t\t\t\t\t\t<div class=\"elementor-section-wrap\">\n\t\t\t\t\t\t\t<section class=\"elementor-section elementor-top-section elementor-element elementor-element-11c1ee98 elementor-section-full_width elementor-section-height-min-height elementor-section-items-top elementor-section-height-default\" data-id=\"11c1ee98\" data-element_type=\"section\" data-settings=\"{&quot;background_background&quot;:&quot;classic&quot;}\">\n\t\t\t\t\t\t<div class=\"elementor-container elementor-column-gap-default\">\n\t\t\t\t\t<div class=\"elementor-column elementor-col-100 elementor-top-column elementor-element elementor-element-13480135\" data-id=\"13480135\" data-element_type=\"column\">\n\t\t\t<div class=\"elementor-widget-wrap\">\n\t\t\t\t\t\t\t\t\t<\/div>\n\t\t<\/div>\n\t\t\t\t\t\t\t<\/div>\n\t\t<\/section>\n\t\t\t\t<section class=\"elementor-section elementor-top-section elementor-element elementor-element-2a587f4f elementor-section-boxed elementor-section-height-default elementor-section-height-default\" data-id=\"2a587f4f\" data-element_type=\"section\">\n\t\t\t\t\t\t<div class=\"elementor-container elementor-column-gap-default\">\n\t\t\t\t\t<div class=\"elementor-column elementor-col-100 elementor-top-column elementor-element elementor-element-4194e989\" data-id=\"4194e989\" data-element_type=\"column\">\n\t\t\t<div class=\"elementor-widget-wrap elementor-element-populated\">\n\t\t\t\t\t\t\t\t<div class=\"elementor-element elementor-element-42a50071 elementor-widget elementor-widget-text-editor\" data-id=\"42a50071\" data-element_type=\"widget\" data-widget_type=\"text-editor.default\">\n\t\t\t\t<div class=\"elementor-widget-container\">\n\t\t\t\t\t\t\t\t<p><span class=\"oceanwp-breadcrumb\"><nav aria-label=\"Breadcrumbs\" class=\"site-breadcrumbs clr position-under-title\" itemprop=\"breadcrumb\"><ol class=\"trail-items\" itemscope itemtype=\"http:\/\/schema.org\/BreadcrumbList\"><meta name=\"numberOfItems\" content=\"1\" \/><meta name=\"itemListOrder\" content=\"Ascending\" \/><li class=\"trail-item trail-end\" itemprop=\"itemListElement\" itemscope itemtype=\"https:\/\/schema.org\/ListItem\"><a href=\"https:\/\/www.wellensittich.net\/blog\" rel=\"home\" aria-label=\"Home (Start)\" itemtype=\"https:\/\/schema.org\/Thing\" itemprop=\"item\"><span itemprop=\"name\"><span class=\"icon-home\" aria-hidden=\"true\"><\/span><span class=\"breadcrumb-home has-icon\">Home (Start)<\/span><\/span><\/a><meta content=\"1\" itemprop=\"position\" \/><\/li><\/ol><\/nav><\/span><\/p>\t\t\t\t\t\t<\/div>\n\t\t\t\t<\/div>\n\t\t\t\t\t<\/div>\n\t\t<\/div>\n\t\t\t\t\t\t\t<\/div>\n\t\t<\/section>\n\t\t\t\t<section class=\"elementor-section elementor-top-section elementor-element elementor-element-075cf16 elementor-section-boxed elementor-section-height-default elementor-section-height-default\" data-id=\"075cf16\" data-element_type=\"section\">\n\t\t\t\t\t\t<div class=\"elementor-container elementor-column-gap-default\">\n\t\t\t\t\t<div class=\"elementor-column elementor-col-100 elementor-top-column elementor-element elementor-element-81ce96b\" data-id=\"81ce96b\" data-element_type=\"column\">\n\t\t\t<div class=\"elementor-widget-wrap elementor-element-populated\">\n\t\t\t\t\t\t\t\t<div class=\"elementor-element elementor-element-7a13cbf elementor-invisible elementor-widget elementor-widget-heading\" data-id=\"7a13cbf\" data-element_type=\"widget\" data-settings=\"{&quot;_animation&quot;:&quot;fadeInDown&quot;}\" data-widget_type=\"heading.default\">\n\t\t\t\t<div class=\"elementor-widget-container\">\n\t\t\t<h1 class=\"elementor-heading-title elementor-size-default\">W\u00fchlkiste f\u00fcr Wellensittiche<\/h1>\t\t<\/div>\n\t\t\t\t<\/div>\n\t\t\t\t\t<\/div>\n\t\t<\/div>\n\t\t\t\t\t\t\t<\/div>\n\t\t<\/section>\n\t\t\t\t<section class=\"elementor-section elementor-top-section elementor-element elementor-element-6aca592 elementor-section-boxed elementor-section-height-default elementor-section-height-default\" data-id=\"6aca592\" data-element_type=\"section\">\n\t\t\t\t\t\t<div class=\"elementor-container elementor-column-gap-default\">\n\t\t\t\t\t<div class=\"elementor-column elementor-col-100 elementor-top-column elementor-element elementor-element-159bec0\" data-id=\"159bec0\" data-element_type=\"column\">\n\t\t\t<div class=\"elementor-widget-wrap elementor-element-populated\">\n\t\t\t\t\t\t\t\t<div class=\"elementor-element elementor-element-c54cd97 elementor-widget elementor-widget-text-editor\" data-id=\"c54cd97\" data-element_type=\"widget\" data-widget_type=\"text-editor.default\">\n\t\t\t\t<div class=\"elementor-widget-container\">\n\t\t\t\t\t\t\t\t<p class=\"articleTeaser\">Viele Wellensittich Halter bieten ihren Wellis sogenannte W\u00fchlkisten an. Das sind Beh\u00e4lter, die mit den unterschiedlichsten Materialien gef\u00fcllt sind, in denen die neugierigen und verspielten Wellensittiche sich austoben k\u00f6nnen. Was Beh\u00e4lter oder F\u00fcllung betrifft gibt es hier ein paar Tipps.<\/p><h2>Warum eine W\u00fchlkiste?<\/h2><p>Eine W\u00fchliste macht den V\u00f6geln Spa\u00df und bietet Besch\u00e4ftigung. Man kann darin Futter verstecken oder was zum Schreddern anbieten. Es macht auch dem Halter Spa\u00df, dabei zuzuschauen, wie die V\u00f6gel scharren, nagen, Gegenst\u00e4nde hin- und her bewegen oder um sich werfen.<\/p><h3>Welche Art &#8222;Kiste&#8220; oder Beh\u00e4lter kann man daf\u00fcr nehmen?<\/h3><p>Das ist unterschiedlich. Manche nehmen eine gro\u00dfe flache Frischhaltedose, wichtig ist, dass solche Dosen f\u00fcr Lebensmittel geeignet sind.<\/p><p>Einige Halter haben Blumen-Untersetzer eventuell aus Ton, flache Auflaufformen aus Keramik oder Porzellan, oder spezielle Konstruktionen aus Holz genommen, die man in manchen Onlineshops kaufen kann. Wer einigerma\u00dfen handwerklich geschickt ist, fertigt sich eine flache Holzkiste mit kleinem Rand selbst an.<\/p><h3>Was kommt in so eine W\u00fchlkiste hinein?<\/h3><p>Eigentlich alles, was Spa\u00df macht. Hier einige &#8222;Zutaten&#8220; f\u00fcr die Zusammenstellung:<\/p><ul><li>Sand<\/li><li>Nudeln (roh)<\/li><li>Holzspielzeug<\/li><li>W\u00e4scheklammern<\/li><li>Paierrollen Schnipsel<\/li><li>Kr\u00e4uter<\/li><li>Ringelblumenbl\u00fcten, Hopfenbl\u00fcten, Tagetesbl\u00fcten<\/li><li>Knabberh\u00f6lzer aus Haselnuss<\/li><li>Korkst\u00fcckchen<\/li><li>kleine Weidenb\u00e4lle zum Zernagen<\/li><li>zwischendrin was zum Naschen wie Kolbenhirse, getrocknete Kr\u00e4uter&#8230;<\/li><\/ul><h3>Wo bietet man so eine W\u00fchlkiste an?<\/h3><p>Wer eine gro\u00dfe Voliere oder einen gro\u00dfen K\u00e4fig hat, kann diese w\u00e4hrend des Freiflugs auf das Dach der Voliere oder des K\u00e4figs stellen. Auch ein fester Standort im Freiflugzimmer ist m\u00f6glich. Selten wird eine solche W\u00fchlkiste im K\u00e4fig selber angeboten, da diese dort schlechter zu reinigen und der Inhalt auszutauschen ist.<\/p><h3>Wie gew\u00f6hne ich meine Wellensittiche an eine W\u00fchlkiste?<\/h3><p>Ist manchmal gar nicht so einfach, da hat man liebevoll eine W\u00fchlkiste gef\u00fcllt und irgendwo hin gestellt und die Wellis ignorieren das Teil einfach. Man muss diese W\u00fchlkiste f\u00fcr Wellensittiche attraktiv machen, am besten funktioniert das mit Kolbenhirse. Anfangs kann man die Hirse gut sichtbar in die Schale legen, zuerst am Rand, dann mittendrin. So lockt man die Wellis in die Kiste. Sp\u00e4ter kann man auch kleine St\u00fcckchen der Hirse verstecken, so dass sie danach suchen m\u00fcssen.<\/p><h4><strong>Hallo! Fotos von W\u00fchlkisten f\u00fcr diesen Artikel gesucht! Melde dich per PN bei mir!<\/strong><\/h4>\t\t\t\t\t\t<\/div>\n\t\t\t\t<\/div>\n\t\t\t\t\t<\/div>\n\t\t<\/div>\n\t\t\t\t\t\t\t<\/div>\n\t\t<\/section>\n\t\t\t\t<section class=\"elementor-section elementor-top-section elementor-element elementor-element-3c2c0dab elementor-section-boxed elementor-section-height-default elementor-section-height-default\" data-id=\"3c2c0dab\" data-element_type=\"section\">\n\t\t\t\t\t\t<div class=\"elementor-container elementor-column-gap-default\">\n\t\t\t\t\t<div class=\"elementor-column elementor-col-100 elementor-top-column elementor-element elementor-element-3dec6c57\" data-id=\"3dec6c57\" data-element_type=\"column\">\n\t\t\t<div class=\"elementor-widget-wrap elementor-element-populated\">\n\t\t\t\t\t\t\t\t<div class=\"elementor-element elementor-element-36958d13 elementor-widget elementor-widget-wp-widget-ocean_social_share\" data-id=\"36958d13\" data-element_type=\"widget\" data-widget_type=\"wp-widget-ocean_social_share.default\">\n\t\t\t\t<div class=\"elementor-widget-container\">\n\t\t\t<h5>Teilst du gerne?<\/h5>\t\t\t\t<ul class=\"owp-social-share style-minimal name-hidden\">\n\t\t\t\t\t<li class=\"twitter\"><a href=\"https:\/\/twitter.com\/share?text=W\u00fchlkiste f\u00fcr Wellensittiche&amp;url=https%3A%2F%2Fwww.wellensittich.net%2Fblog%2Fwuehlkiste-fur-wellensittiche%2F\" title=\"Share on Twitter\"  onclick=\"owpShareOnClick( this.href );return false;\"><span class=\"owp-icon-wrap\"><svg class=\"owpss-icon\" aria-labelledby=\"owpss-twitter-icon\" role=\"img\" viewBox=\"0 0 24 24\" xmlns=\"http:\/\/www.w3.org\/2000\/svg\">\n\t\t\t\t\t\t\t\t<path d=\"M23.954 4.569c-.885.389-1.83.654-2.825.775 1.014-.611 1.794-1.574 2.163-2.723-.951.555-2.005.959-3.127 1.184-.896-.959-2.173-1.559-3.591-1.559-2.717 0-4.92 2.203-4.92 4.917 0 .39.045.765.127 1.124C7.691 8.094 4.066 6.13 1.64 3.161c-.427.722-.666 1.561-.666 2.475 0 1.71.87 3.213 2.188 4.096-.807-.026-1.566-.248-2.228-.616v.061c0 2.385 1.693 4.374 3.946 4.827-.413.111-.849.171-1.296.171-.314 0-.615-.03-.916-.086.631 1.953 2.445 3.377 4.604 3.417-1.68 1.319-3.809 2.105-6.102 2.105-.39 0-.779-.023-1.17-.067 2.189 1.394 4.768 2.209 7.557 2.209 9.054 0 13.999-7.496 13.999-13.986 0-.209 0-.42-.015-.63.961-.689 1.8-1.56 2.46-2.548l-.047-.02z\"\/>\n\t\t\t\t\t\t\t<\/svg><\/span><\/a><\/li><li class=\"facebook\"><a href=\"https:\/\/www.facebook.com\/sharer.php?u=https%3A%2F%2Fwww.wellensittich.net%2Fblog%2Fwuehlkiste-fur-wellensittiche%2F\" title=\"Share on Facebook\"  onclick=\"owpShareOnClick( this.href );return false;\"><span class=\"owp-icon-wrap\"><svg class=\"owpss-icon\" aria-labelledby=\"owpss-facebook-icon\" role=\"img\" viewBox=\"0 0 24 24\" xmlns=\"http:\/\/www.w3.org\/2000\/svg\">\n\t\t\t\t\t\t\t\t<path d=\"M5.677,12.998V8.123h3.575V6.224C9.252,2.949,11.712,0,14.736,0h3.94v4.874h-3.94\n\t\t\t\t\t\t\t\tc-0.432,0-0.934,0.524-0.934,1.308v1.942h4.874v4.874h-4.874V24H9.252V12.998H5.677z\"\/>\n\t\t\t\t\t\t\t<\/svg><\/span><\/a><\/li><li class=\"pinterest\"><a href=\"https:\/\/www.pinterest.com\/pin\/create\/button\/?url=https%3A%2F%2Fwww.wellensittich.net%2Fblog%2Fwuehlkiste-fur-wellensittiche%2F&amp;media=&amp;description=W%C3%BChlkiste+f%C3%BCr+Wellensittiche+Viele+Wellensittich+Halter+bieten+ihren+Wellis+sogenannte+W%C3%BChlkisten+an.+Das+sind+Beh%C3%A4lter%2C+die+mit+den+unterschiedlichsten+Materialien+gef%C3%BCllt+sind%2C+in+denen+die+neugierigen+und+verspielten+Wellensittiche+sich+austoben+k%C3%B6nnen.+Was+Beh%C3%A4lter+oder+F%C3%BCllung+betrifft+gibt+es+hier%26hellip%3B\" title=\"Share on Pinterest\"  onclick=\"owpShareOnClick( this.href );return false;\"><span class=\"owp-icon-wrap\"><svg class=\"owpss-icon\" aria-labelledby=\"owpss-pinterest-icon\" role=\"img\" viewBox=\"0 0 24 24\" xmlns=\"http:\/\/www.w3.org\/2000\/svg\">\n\t\t\t\t\t\t\t\t<path d=\"M13.757,17.343c-1.487,0-2.886-0.804-3.365-1.717c0,0-0.8,3.173-0.969,3.785\n\t\t\t\t\t\t\t\tc-0.596,2.165-2.35,4.331-2.487,4.508c-0.095,0.124-0.305,0.085-0.327-0.078c-0.038-0.276-0.485-3.007,0.041-5.235\n\t\t\t\t\t\t\t\tc0.264-1.118,1.772-7.505,1.772-7.505s-0.44-0.879-0.44-2.179c0-2.041,1.183-3.565,2.657-3.565c1.252,0,1.857,0.94,1.857,2.068\n\t\t\t\t\t\t\t\tc0,1.26-0.802,3.142-1.216,4.888c-0.345,1.461,0.734,2.653,2.174,2.653c2.609,0,4.367-3.352,4.367-7.323\n\t\t\t\t\t\t\t\tc0-3.018-2.032-5.278-5.731-5.278c-4.177,0-6.782,3.116-6.782,6.597c0,1.2,0.355,2.047,0.909,2.701\n\t\t\t\t\t\t\t\tc0.255,0.301,0.29,0.422,0.198,0.767c-0.067,0.254-0.218,0.864-0.281,1.106c-0.092,0.349-0.375,0.474-0.69,0.345\n\t\t\t\t\t\t\t\tc-1.923-0.785-2.82-2.893-2.82-5.262c0-3.912,3.3-8.604,9.844-8.604c5.259,0,8.72,3.805,8.72,7.89\n\t\t\t\t\t\t\t\tC21.188,13.307,18.185,17.343,13.757,17.343z\"\/>\n\t\t\t\t\t\t\t<\/svg><\/span><\/a><\/li>\t\t\t\t<\/ul>\n\n\t\t\t\t\n\t\t\n\t\t\t\t\t<\/div>\n\t\t\t\t<\/div>\n\t\t\t\t\t<\/div>\n\t\t<\/div>\n\t\t\t\t\t\t\t<\/div>\n\t\t<\/section>\n\t\t\t\t<section class=\"elementor-section elementor-top-section elementor-element elementor-element-289e9a7 elementor-section-boxed elementor-section-height-default elementor-section-height-default\" data-id=\"289e9a7\" data-element_type=\"section\" data-settings=\"{&quot;background_background&quot;:&quot;classic&quot;}\">\n\t\t\t\t\t\t<div class=\"elementor-container elementor-column-gap-default\">\n\t\t\t\t\t<div class=\"elementor-column elementor-col-25 elementor-top-column elementor-element elementor-element-559a2b77\" data-id=\"559a2b77\" data-element_type=\"column\">\n\t\t\t<div class=\"elementor-widget-wrap elementor-element-populated\">\n\t\t\t\t\t\t\t\t<div class=\"elementor-element elementor-element-53a593a5 elementor-widget elementor-widget-heading\" data-id=\"53a593a5\" data-element_type=\"widget\" data-widget_type=\"heading.default\">\n\t\t\t\t<div class=\"elementor-widget-container\">\n\t\t\t<h4 class=\"elementor-heading-title elementor-size-default\">Disclaimer<\/h4>\t\t<\/div>\n\t\t\t\t<\/div>\n\t\t\t\t<div class=\"elementor-element elementor-element-54b65cf elementor-widget elementor-widget-text-editor\" data-id=\"54b65cf\" data-element_type=\"widget\" data-widget_type=\"text-editor.default\">\n\t\t\t\t<div class=\"elementor-widget-container\">\n\t\t\t\t\t\t\t\t<p>Kopieren und Publizieren des Textmaterials &#8211; auch auszugsweise ist auf fremden Seiten nicht erlaubt, es bedarf einer expliziten Genehmigung\u00a0 und ist selbst dann mit Setzung eines Backlinks verbunden.<\/p>\t\t\t\t\t\t<\/div>\n\t\t\t\t<\/div>\n\t\t\t\t\t<\/div>\n\t\t<\/div>\n\t\t\t\t<div class=\"elementor-column elementor-col-25 elementor-top-column elementor-element elementor-element-1505f252\" data-id=\"1505f252\" data-element_type=\"column\">\n\t\t\t<div class=\"elementor-widget-wrap elementor-element-populated\">\n\t\t\t\t\t\t\t\t<div class=\"elementor-element elementor-element-4a4749c1 elementor-widget elementor-widget-heading\" data-id=\"4a4749c1\" data-element_type=\"widget\" data-widget_type=\"heading.default\">\n\t\t\t\t<div class=\"elementor-widget-container\">\n\t\t\t<h4 class=\"elementor-heading-title elementor-size-default\">Seiten<\/h4>\t\t<\/div>\n\t\t\t\t<\/div>\n\t\t\t\t<div class=\"elementor-element elementor-element-613e037e elementor-icon-list--layout-traditional elementor-list-item-link-full_width elementor-widget elementor-widget-icon-list\" data-id=\"613e037e\" data-element_type=\"widget\" data-widget_type=\"icon-list.default\">\n\t\t\t\t<div class=\"elementor-widget-container\">\n\t\t\t\t\t<ul class=\"elementor-icon-list-items\">\n\t\t\t\t\t\t\t<li class=\"elementor-icon-list-item\">\n\t\t\t\t\t<a href=\"https:\/\/www.wellensittich.net\/blog\/inhalt\/\">\t\t\t\t\t\t<span class=\"elementor-icon-list-icon\">\n\t\t\t\t\t\t\t<i aria-hidden=\"true\" class=\"fas fa-angle-right\"><\/i>\t\t\t\t\t\t<\/span>\n\t\t\t\t\t\t\t\t\t\t<span class=\"elementor-icon-list-text\">Sitemap<\/span>\n\t\t\t\t\t\t\t\t\t\t\t<\/a>\n\t\t\t\t\t\t\t\t\t<\/li>\n\t\t\t\t\t\t\t\t<li class=\"elementor-icon-list-item\">\n\t\t\t\t\t\t\t\t\t\t\t<span class=\"elementor-icon-list-icon\">\n\t\t\t\t\t\t\t<i aria-hidden=\"true\" class=\"fas fa-angle-right\"><\/i>\t\t\t\t\t\t<\/span>\n\t\t\t\t\t\t\t\t\t\t<span class=\"elementor-icon-list-text\"> #2<\/span>\n\t\t\t\t\t\t\t\t\t<\/li>\n\t\t\t\t\t\t\t\t<li class=\"elementor-icon-list-item\">\n\t\t\t\t\t\t\t\t\t\t\t<span class=\"elementor-icon-list-icon\">\n\t\t\t\t\t\t\t<i aria-hidden=\"true\" class=\"fas fa-angle-right\"><\/i>\t\t\t\t\t\t<\/span>\n\t\t\t\t\t\t\t\t\t\t<span class=\"elementor-icon-list-text\">#3<\/span>\n\t\t\t\t\t\t\t\t\t<\/li>\n\t\t\t\t\t\t<\/ul>\n\t\t\t\t<\/div>\n\t\t\t\t<\/div>\n\t\t\t\t\t<\/div>\n\t\t<\/div>\n\t\t\t\t<div class=\"elementor-column elementor-col-25 elementor-top-column elementor-element elementor-element-443d8b86\" data-id=\"443d8b86\" data-element_type=\"column\">\n\t\t\t<div class=\"elementor-widget-wrap elementor-element-populated\">\n\t\t\t\t\t\t\t\t<div class=\"elementor-element elementor-element-410deedd elementor-widget elementor-widget-heading\" data-id=\"410deedd\" data-element_type=\"widget\" data-widget_type=\"heading.default\">\n\t\t\t\t<div class=\"elementor-widget-container\">\n\t\t\t<h4 class=\"elementor-heading-title elementor-size-default\">Info<\/h4>\t\t<\/div>\n\t\t\t\t<\/div>\n\t\t\t\t<div class=\"elementor-element elementor-element-51e4309d elementor-list-item-link-full_width elementor-widget elementor-widget-icon-list\" data-id=\"51e4309d\" data-element_type=\"widget\" data-widget_type=\"icon-list.default\">\n\t\t\t\t<div class=\"elementor-widget-container\">\n\t\t\t\t\t<ul class=\"elementor-icon-list-items\">\n\t\t\t\t\t\t\t<li class=\"elementor-icon-list-item\">\n\t\t\t\t\t<a href=\"https:\/\/www.wellensittich.net\/blog\/datenschutzerklaerung\/\" rel=\"nofollow\">\t\t\t\t\t\t<span class=\"elementor-icon-list-icon\">\n\t\t\t\t\t\t\t<i aria-hidden=\"true\" class=\"fas fa-angle-right\"><\/i>\t\t\t\t\t\t<\/span>\n\t\t\t\t\t\t\t\t\t\t<span class=\"elementor-icon-list-text\">Datenschutz<\/span>\n\t\t\t\t\t\t\t\t\t\t\t<\/a>\n\t\t\t\t\t\t\t\t\t<\/li>\n\t\t\t\t\t\t\t\t<li class=\"elementor-icon-list-item\">\n\t\t\t\t\t<a href=\"https:\/\/www.wellensittich.net\/blog\/impressum\/\" rel=\"nofollow\">\t\t\t\t\t\t<span class=\"elementor-icon-list-icon\">\n\t\t\t\t\t\t\t<i aria-hidden=\"true\" class=\"fas fa-angle-right\"><\/i>\t\t\t\t\t\t<\/span>\n\t\t\t\t\t\t\t\t\t\t<span class=\"elementor-icon-list-text\">Impressum<\/span>\n\t\t\t\t\t\t\t\t\t\t\t<\/a>\n\t\t\t\t\t\t\t\t\t<\/li>\n\t\t\t\t\t\t\t\t<li class=\"elementor-icon-list-item\">\n\t\t\t\t\t<a href=\"https:\/\/www.wellensittich.net\/blog\/kontakt\/\" rel=\"nofollow\">\t\t\t\t\t\t<span class=\"elementor-icon-list-icon\">\n\t\t\t\t\t\t\t<i aria-hidden=\"true\" class=\"fas fa-angle-right\"><\/i>\t\t\t\t\t\t<\/span>\n\t\t\t\t\t\t\t\t\t\t<span class=\"elementor-icon-list-text\">Kontakt<\/span>\n\t\t\t\t\t\t\t\t\t\t\t<\/a>\n\t\t\t\t\t\t\t\t\t<\/li>\n\t\t\t\t\t\t<\/ul>\n\t\t\t\t<\/div>\n\t\t\t\t<\/div>\n\t\t\t\t\t<\/div>\n\t\t<\/div>\n\t\t\t\t<div class=\"elementor-column elementor-col-25 elementor-top-column elementor-element elementor-element-25f63eb1\" data-id=\"25f63eb1\" data-element_type=\"column\" data-settings=\"{&quot;background_background&quot;:&quot;classic&quot;}\">\n\t\t\t<div class=\"elementor-widget-wrap elementor-element-populated\">\n\t\t\t\t\t\t\t\t<div class=\"elementor-element elementor-element-72840a6d elementor-widget elementor-widget-heading\" data-id=\"72840a6d\" data-element_type=\"widget\" data-widget_type=\"heading.default\">\n\t\t\t\t<div class=\"elementor-widget-container\">\n\t\t\t<h4 class=\"elementor-heading-title elementor-size-default\">Social Media<\/h4>\t\t<\/div>\n\t\t\t\t<\/div>\n\t\t\t\t<div class=\"elementor-element elementor-element-59ad794b e-grid-align-left elementor-shape-rounded elementor-grid-0 elementor-widget elementor-widget-social-icons\" data-id=\"59ad794b\" data-element_type=\"widget\" data-widget_type=\"social-icons.default\">\n\t\t\t\t<div class=\"elementor-widget-container\">\n\t\t\t\t\t<div class=\"elementor-social-icons-wrapper elementor-grid\">\n\t\t\t\t\t\t\t<div class=\"elementor-grid-item\">\n\t\t\t\t\t<a class=\"elementor-icon elementor-social-icon elementor-social-icon-facebook-f elementor-animation-pulse elementor-repeater-item-c1104d1\" href=\"https:\/\/www.facebook.com\/wellensittiche\/\" target=\"_blank\">\n\t\t\t\t\t\t<span class=\"elementor-screen-only\">Facebook-f<\/span>\n\t\t\t\t\t\t<i class=\"fab fa-facebook-f\"><\/i>\t\t\t\t\t<\/a>\n\t\t\t\t<\/div>\n\t\t\t\t\t\t\t<div class=\"elementor-grid-item\">\n\t\t\t\t\t<a class=\"elementor-icon elementor-social-icon elementor-social-icon-twitter elementor-animation-pulse elementor-repeater-item-7de7550\" href=\"https:\/\/www.twitter.com\/sittiche_de\/\" target=\"_blank\">\n\t\t\t\t\t\t<span class=\"elementor-screen-only\">Twitter<\/span>\n\t\t\t\t\t\t<i class=\"fab fa-twitter\"><\/i>\t\t\t\t\t<\/a>\n\t\t\t\t<\/div>\n\t\t\t\t\t\t\t<div class=\"elementor-grid-item\">\n\t\t\t\t\t<a class=\"elementor-icon elementor-social-icon elementor-social-icon-youtube elementor-animation-pulse elementor-repeater-item-eb3cdb2\" href=\"https:\/\/www.youtube.com\/channel\/UC4FvyYrrHDVuInFX-ETgFUA\" target=\"_blank\">\n\t\t\t\t\t\t<span class=\"elementor-screen-only\">Youtube<\/span>\n\t\t\t\t\t\t<i class=\"fab fa-youtube\"><\/i>\t\t\t\t\t<\/a>\n\t\t\t\t<\/div>\n\t\t\t\t\t\t\t<div class=\"elementor-grid-item\">\n\t\t\t\t\t<a class=\"elementor-icon elementor-social-icon elementor-social-icon-pinterest elementor-animation-pulse elementor-repeater-item-9757608\" href=\"https:\/\/www.pinterest.com\/wellensittichnet\/\" target=\"_blank\">\n\t\t\t\t\t\t<span class=\"elementor-screen-only\">Pinterest<\/span>\n\t\t\t\t\t\t<i class=\"fab fa-pinterest\"><\/i>\t\t\t\t\t<\/a>\n\t\t\t\t<\/div>\n\t\t\t\t\t\t\t<div class=\"elementor-grid-item\">\n\t\t\t\t\t<a class=\"elementor-icon elementor-social-icon elementor-social-icon-instagram elementor-animation-pulse elementor-repeater-item-38bbd5d\" href=\"https:\/\/www.instagram.com\/wellensittichnet\/\" target=\"_blank\">\n\t\t\t\t\t\t<span class=\"elementor-screen-only\">Instagram<\/span>\n\t\t\t\t\t\t<i class=\"fab fa-instagram\"><\/i>\t\t\t\t\t<\/a>\n\t\t\t\t<\/div>\n\t\t\t\t\t<\/div>\n\t\t\t\t<\/div>\n\t\t\t\t<\/div>\n\t\t\t\t\t<\/div>\n\t\t<\/div>\n\t\t\t\t\t\t\t<\/div>\n\t\t<\/section>\n\t\t\t\t\t\t<\/div>\n\t\t\t\t\t<\/div>\n\t\t","protected":false},"excerpt":{"rendered":"<p>W\u00fchlkiste f\u00fcr Wellensittiche Viele Wellensittich Halter bieten ihren Wellis sogenannte W\u00fchlkisten an. Das sind Beh\u00e4lter, die mit den unterschiedlichsten Materialien gef\u00fcllt sind, in denen die neugierigen und verspielten Wellensittiche sich austoben k\u00f6nnen. Was Beh\u00e4lter oder F\u00fcllung betrifft gibt es hier ein paar Tipps. Warum eine W\u00fchlkiste? Eine W\u00fchliste macht den V\u00f6geln Spa\u00df und bietet Besch\u00e4ftigung. [&hellip;]<\/p>\n","protected":false},"author":1,"featured_media":0,"parent":0,"menu_order":0,"comment_status":"closed","ping_status":"closed","template":"","meta":{"footnotes":""},"class_list":["post-1169","page","type-page","status-publish","hentry","entry"],"yoast_head":"<!-- This site is optimized with the Yoast SEO plugin v16.3 - https:\/\/yoast.com\/wordpress\/plugins\/seo\/ -->\n<title>W\u00fchlkiste f\u00fcr Wellensittiche - Wellensittich Wegweiser<\/title>\n<meta name=\"robots\" content=\"index, follow, max-snippet:-1, max-image-preview:large, max-video-preview:-1\" \/>\n<link rel=\"canonical\" href=\"https:\/\/www.wellensittich.net\/blog\/wuehlkiste-fur-wellensittiche\/\" \/>\n<meta property=\"og:locale\" content=\"de_DE\" \/>\n<meta property=\"og:type\" content=\"article\" \/>\n<meta property=\"og:title\" content=\"W\u00fchlkiste f\u00fcr Wellensittiche - Wellensittich Wegweiser\" \/>\n<meta property=\"og:description\" content=\"W\u00fchlkiste f\u00fcr Wellensittiche Viele Wellensittich Halter bieten ihren Wellis sogenannte W\u00fchlkisten an. Das sind Beh\u00e4lter, die mit den unterschiedlichsten Materialien gef\u00fcllt sind, in denen die neugierigen und verspielten Wellensittiche sich austoben k\u00f6nnen. Was Beh\u00e4lter oder F\u00fcllung betrifft gibt es hier ein paar Tipps. Warum eine W\u00fchlkiste? Eine W\u00fchliste macht den V\u00f6geln Spa\u00df und bietet Besch\u00e4ftigung. [&hellip;]\" \/>\n<meta property=\"og:url\" content=\"https:\/\/www.wellensittich.net\/blog\/wuehlkiste-fur-wellensittiche\/\" \/>\n<meta property=\"og:site_name\" content=\"Wellensittich Wegweiser\" \/>\n<meta property=\"article:publisher\" content=\"https:\/\/www.facebook.com\/wellensittiche\/\" \/>\n<meta property=\"article:modified_time\" content=\"2021-05-24T10:21:24+00:00\" \/>\n<meta name=\"twitter:card\" content=\"summary_large_image\" \/>\n<meta name=\"twitter:label1\" content=\"Gesch\u00e4tzte Lesezeit\">\n\t<meta name=\"twitter:data1\" content=\"2\u00a0Minuten\">\n<script type=\"application\/ld+json\" class=\"yoast-schema-graph\">{\"@context\":\"https:\/\/schema.org\",\"@graph\":[{\"@type\":\"WebSite\",\"@id\":\"https:\/\/www.wellensittich.net\/blog\/#website\",\"url\":\"https:\/\/www.wellensittich.net\/blog\/\",\"name\":\"Wellensittich Wegweiser\",\"description\":\"Wellensittich Freunde hereinspaziert!\",\"potentialAction\":[{\"@type\":\"SearchAction\",\"target\":\"https:\/\/www.wellensittich.net\/blog\/?s={search_term_string}\",\"query-input\":\"required name=search_term_string\"}],\"inLanguage\":\"de\"},{\"@type\":\"WebPage\",\"@id\":\"https:\/\/www.wellensittich.net\/blog\/wuehlkiste-fur-wellensittiche\/#webpage\",\"url\":\"https:\/\/www.wellensittich.net\/blog\/wuehlkiste-fur-wellensittiche\/\",\"name\":\"W\\u00fchlkiste f\\u00fcr Wellensittiche - Wellensittich Wegweiser\",\"isPartOf\":{\"@id\":\"https:\/\/www.wellensittich.net\/blog\/#website\"},\"datePublished\":\"2021-05-19T13:55:06+00:00\",\"dateModified\":\"2021-05-24T10:21:24+00:00\",\"breadcrumb\":{\"@id\":\"https:\/\/www.wellensittich.net\/blog\/wuehlkiste-fur-wellensittiche\/#breadcrumb\"},\"inLanguage\":\"de\",\"potentialAction\":[{\"@type\":\"ReadAction\",\"target\":[\"https:\/\/www.wellensittich.net\/blog\/wuehlkiste-fur-wellensittiche\/\"]}]},{\"@type\":\"BreadcrumbList\",\"@id\":\"https:\/\/www.wellensittich.net\/blog\/wuehlkiste-fur-wellensittiche\/#breadcrumb\",\"itemListElement\":[{\"@type\":\"ListItem\",\"position\":1,\"item\":{\"@type\":\"WebPage\",\"@id\":\"https:\/\/www.wellensittich.net\/blog\/\",\"url\":\"https:\/\/www.wellensittich.net\/blog\/\",\"name\":\"Startseite\"}},{\"@type\":\"ListItem\",\"position\":2,\"item\":{\"@id\":\"https:\/\/www.wellensittich.net\/blog\/wuehlkiste-fur-wellensittiche\/#webpage\"}}]}]}<\/script>\n<!-- \/ Yoast SEO plugin. -->","_links":{"self":[{"href":"https:\/\/www.wellensittich.net\/blog\/wp-json\/wp\/v2\/pages\/1169","targetHints":{"allow":["GET"]}}],"collection":[{"href":"https:\/\/www.wellensittich.net\/blog\/wp-json\/wp\/v2\/pages"}],"about":[{"href":"https:\/\/www.wellensittich.net\/blog\/wp-json\/wp\/v2\/types\/page"}],"author":[{"embeddable":true,"href":"https:\/\/www.wellensittich.net\/blog\/wp-json\/wp\/v2\/users\/1"}],"replies":[{"embeddable":true,"href":"https:\/\/www.wellensittich.net\/blog\/wp-json\/wp\/v2\/comments?post=1169"}],"version-history":[{"count":13,"href":"https:\/\/www.wellensittich.net\/blog\/wp-json\/wp\/v2\/pages\/1169\/revisions"}],"predecessor-version":[{"id":1619,"href":"https:\/\/www.wellensittich.net\/blog\/wp-json\/wp\/v2\/pages\/1169\/revisions\/1619"}],"wp:attachment":[{"href":"https:\/\/www.wellensittich.net\/blog\/wp-json\/wp\/v2\/media?parent=1169"}],"curies":[{"name":"wp","href":"https:\/\/api.w.org\/{rel}","templated":true}]}}